{"id":173,"date":"2022-02-15T16:46:38","date_gmt":"2022-02-15T16:46:38","guid":{"rendered":"http:\/\/susanaromero.com\/?post_type=product&#038;p=173"},"modified":"2024-08-17T00:33:25","modified_gmt":"2024-08-17T00:33:25","slug":"el-costat-fosc-del-pare-noel","status":"publish","type":"product","link":"https:\/\/susanaromero.com\/?product=el-costat-fosc-del-pare-noel","title":{"rendered":"El costat fosc del Pare Noel &#8211; Valenciano"},"content":{"rendered":"","protected":false},"excerpt":{"rendered":"<p>&#8220;El costat fosc del Pare Noel&#8221; \u00e9s una emocionant hist\u00f2ria on els xiquets descobreixen la veritat darrere d&#8217;un Pap\u00e0 Noel impostor, aprenent lli\u00e7ons de perd\u00f3, empatia i valentia. Ideal per a lectors joves, aquest conte combina intriga i valors en una m\u00e0gica aventura nadalenca.<\/p>\n","protected":false},"featured_media":177,"template":"","meta":[],"product_brand":[],"product_cat":[36],"product_tag":[],"class_list":{"0":"post-173","1":"product","2":"type-product","3":"status-publish","4":"has-post-thumbnail","6":"product_cat-todos-los-productos","8":"first","9":"instock","10":"sale","11":"taxable","12":"shipping-taxable","13":"purchasable","14":"product-type-simple"},"_links":{"self":[{"href":"https:\/\/susanaromero.com\/index.php?rest_route=\/wp\/v2\/product\/173","targetHints":{"allow":["GET"]}}],"collection":[{"href":"https:\/\/susanaromero.com\/index.php?rest_route=\/wp\/v2\/product"}],"about":[{"href":"https:\/\/susanaromero.com\/index.php?rest_route=\/wp\/v2\/types\/product"}],"wp:featuredmedia":[{"embeddable":true,"href":"https:\/\/susanaromero.com\/index.php?rest_route=\/wp\/v2\/media\/177"}],"wp:attachment":[{"href":"https:\/\/susanaromero.com\/index.php?rest_route=%2Fwp%2Fv2%2Fmedia&parent=173"}],"wp:term":[{"taxonomy":"product_brand","embeddable":true,"href":"https:\/\/susanaromero.com\/index.php?rest_route=%2Fwp%2Fv2%2Fproduct_brand&post=173"},{"taxonomy":"product_cat","embeddable":true,"href":"https:\/\/susanaromero.com\/index.php?rest_route=%2Fwp%2Fv2%2Fproduct_cat&post=173"},{"taxonomy":"product_tag","embeddable":true,"href":"https:\/\/susanaromero.com\/index.php?rest_route=%2Fwp%2Fv2%2Fproduct_tag&post=173"}],"curies":[{"name":"wp","href":"https:\/\/api.w.org\/{rel}","templated":true}]}}