{"id":123,"date":"2022-02-15T16:45:39","date_gmt":"2022-02-15T16:45:39","guid":{"rendered":"http:\/\/susanaromero.com\/?post_type=product&#038;p=123"},"modified":"2024-08-17T00:31:37","modified_gmt":"2024-08-17T00:31:37","slug":"aaa-libro-ilustrado-el-lado-oscuro-de-papa-noel","status":"publish","type":"product","link":"https:\/\/susanaromero.com\/?product=aaa-libro-ilustrado-el-lado-oscuro-de-papa-noel","title":{"rendered":"El lado oscuro de Pap\u00e1 Noel &#8211; Castellano"},"content":{"rendered":"","protected":false},"excerpt":{"rendered":"<p>&#8220;El Lado Oscuro de Pap\u00e1 Noel&#8221; es una emocionante historia donde los ni\u00f1os descubren la verdad detr\u00e1s de un Pap\u00e1 Noel impostor, aprendiendo lecciones de perd\u00f3n, empat\u00eda y valent\u00eda. Ideal para lectores j\u00f3venes, este cuento combina intriga y valores en una m\u00e1gica aventura navide\u00f1a.<\/p>\n<p>&nbsp;<\/p>\n","protected":false},"featured_media":153,"template":"","meta":[],"product_brand":[],"product_cat":[36],"product_tag":[],"class_list":{"0":"post-123","1":"product","2":"type-product","3":"status-publish","4":"has-post-thumbnail","6":"product_cat-todos-los-productos","8":"first","9":"instock","10":"sale","11":"purchasable","12":"product-type-simple"},"_links":{"self":[{"href":"https:\/\/susanaromero.com\/index.php?rest_route=\/wp\/v2\/product\/123","targetHints":{"allow":["GET"]}}],"collection":[{"href":"https:\/\/susanaromero.com\/index.php?rest_route=\/wp\/v2\/product"}],"about":[{"href":"https:\/\/susanaromero.com\/index.php?rest_route=\/wp\/v2\/types\/product"}],"wp:featuredmedia":[{"embeddable":true,"href":"https:\/\/susanaromero.com\/index.php?rest_route=\/wp\/v2\/media\/153"}],"wp:attachment":[{"href":"https:\/\/susanaromero.com\/index.php?rest_route=%2Fwp%2Fv2%2Fmedia&parent=123"}],"wp:term":[{"taxonomy":"product_brand","embeddable":true,"href":"https:\/\/susanaromero.com\/index.php?rest_route=%2Fwp%2Fv2%2Fproduct_brand&post=123"},{"taxonomy":"product_cat","embeddable":true,"href":"https:\/\/susanaromero.com\/index.php?rest_route=%2Fwp%2Fv2%2Fproduct_cat&post=123"},{"taxonomy":"product_tag","embeddable":true,"href":"https:\/\/susanaromero.com\/index.php?rest_route=%2Fwp%2Fv2%2Fproduct_tag&post=123"}],"curies":[{"name":"wp","href":"https:\/\/api.w.org\/{rel}","templated":true}]}}