{"id":946,"date":"2025-01-16T01:01:04","date_gmt":"2025-01-16T01:01:04","guid":{"rendered":"https:\/\/susanaromero.com\/?page_id=946"},"modified":"2025-01-16T01:02:28","modified_gmt":"2025-01-16T01:02:28","slug":"cuca-cuco-y-las-biblionidos","status":"publish","type":"page","link":"https:\/\/susanaromero.com\/?page_id=946","title":{"rendered":"Cuca, Cuco y las Biblionidos"},"content":{"rendered":"\t\t<div data-elementor-type=\"wp-page\" data-elementor-id=\"946\" class=\"elementor elementor-946\" data-elementor-post-type=\"page\">\n\t\t\t\t\t\t<section class=\"elementor-section elementor-top-section elementor-element elementor-element-2886f4ce elementor-section-boxed elementor-section-height-default elementor-section-height-default\" data-id=\"2886f4ce\" data-element_type=\"section\" data-settings=\"{&quot;background_background&quot;:&quot;classic&quot;}\">\n\t\t\t\t\t\t\t<div class=\"elementor-background-overlay\"><\/div>\n\t\t\t\t\t\t\t<div class=\"elementor-container elementor-column-gap-default\">\n\t\t\t\t\t<div class=\"elementor-column elementor-col-100 elementor-top-column elementor-element elementor-element-73a45a26\" data-id=\"73a45a26\" data-element_type=\"column\" data-settings=\"{&quot;background_background&quot;:&quot;classic&quot;}\">\n\t\t\t<div class=\"elementor-widget-wrap elementor-element-populated\">\n\t\t\t\t\t<div class=\"elementor-background-overlay\"><\/div>\n\t\t\t\t\t\t<div class=\"elementor-element elementor-element-1309de19 elementor-widget elementor-widget-heading\" data-id=\"1309de19\" data-element_type=\"widget\" data-widget_type=\"heading.default\">\n\t\t\t\t<div class=\"elementor-widget-container\">\n\t\t\t\t\t<h3 class=\"elementor-heading-title elementor-size-default\">Cuca, Cuco <\/h3>\t\t\t\t<\/div>\n\t\t\t\t<\/div>\n\t\t\t\t<div class=\"elementor-element elementor-element-79929d5b elementor-widget elementor-widget-heading\" data-id=\"79929d5b\" data-element_type=\"widget\" data-widget_type=\"heading.default\">\n\t\t\t\t<div class=\"elementor-widget-container\">\n\t\t\t\t\t<h2 class=\"elementor-heading-title elementor-size-default\">y las Biblionidos<\/h2>\t\t\t\t<\/div>\n\t\t\t\t<\/div>\n\t\t\t\t<div class=\"elementor-element elementor-element-193e81a1 elementor-widget elementor-widget-image\" data-id=\"193e81a1\" data-element_type=\"widget\" data-widget_type=\"image.default\">\n\t\t\t\t<div class=\"elementor-widget-container\">\n\t\t\t\t\t\t\t\t\t\t\t\t\t\t\t<img decoding=\"async\" width=\"315\" height=\"26\" src=\"https:\/\/susanaromero.com\/wp-content\/uploads\/2024\/08\/underline-dot.png\" class=\"attachment-large size-large wp-image-307\" alt=\"\" srcset=\"https:\/\/susanaromero.com\/wp-content\/uploads\/2024\/08\/underline-dot.png 315w, https:\/\/susanaromero.com\/wp-content\/uploads\/2024\/08\/underline-dot-300x26.png 300w\" sizes=\"(max-width: 315px) 100vw, 315px\" \/>\t\t\t\t\t\t\t\t\t\t\t\t\t\t\t<\/div>\n\t\t\t\t<\/div>\n\t\t\t\t<div class=\"elementor-element elementor-element-402ac0eb elementor-widget elementor-widget-text-editor\" data-id=\"402ac0eb\" data-element_type=\"widget\" data-widget_type=\"text-editor.default\">\n\t\t\t\t<div class=\"elementor-widget-container\">\n\t\t\t\t\t\t\t\t\t<p><strong>\u00a1Bienvenidos al fascinante mundo de &#8220;Cuca, Cuco y las Biblionidos&#8221;! Un espect\u00e1culo extraordinario que promete llevar a grandes y peque\u00f1os a un viaje inolvidable a trav\u00e9s del encanto de la lectura y el poder de la imaginaci\u00f3n.<\/strong><\/p><p>En este m\u00e1gico espect\u00e1culo, conoceremos a Cuca y Cuco, dos simp\u00e1ticos p\u00e1jaros que han hecho de una biblioteca nido su hogar especial. Este no es un nido cualquiera, sino una biblionido, un lugar donde los libros brotan y crecen como en un bosque encantado. Cuca y Cuco pasan sus d\u00edas entre historias de piratas, princesas y planetas distantes, aprendiendo y so\u00f1ando despiertos con cada p\u00e1gina que se despliega ante sus ojos.<\/p><p>La tranquilidad de su mundo cambia de repente con la llegada de un inusual personaje: un guardabosques que, lejos de alejarlos de su amada biblioteca, les revela un secreto que har\u00e1 que su amor por los libros crezca a\u00fan m\u00e1s. Este peculiar guardabosques tambi\u00e9n tiene un nido lleno de libros, pero no de cualquier tipo. Son libros sorprendentes, libros que hablan, que cantan y que incluso \u00a1pueden volar!<\/p><p><strong>Con la ayuda de marionetas de hilo de exquisita elaboraci\u00f3n y gigantescas marionetas de calcet\u00edn<\/strong>, el espect\u00e1culo cobra vida en un despliegue de color, textura y movimiento, sumergiendo a la audiencia en un teatro de sombras y luces que fascinar\u00e1 a todos. Estas marionetas, manipuladas por artistas expertos, danzan en el escenario contando su historia de aventuras y descubrimientos.<\/p><p><strong>Ideal para ser disfrutado por colegios, bibliotecas y ayuntamientos, as\u00ed como por familias que busquen una experiencia cultural enriquecedora,<\/strong> &#8220;Cuca, Cuco y las Biblionidos&#8221; es m\u00e1s que un espect\u00e1culo: es una celebraci\u00f3n de la literatura y su capacidad para inspirar y transformar. Adem\u00e1s, al incorporar elementos en valenciano y castellano, el espect\u00e1culo tambi\u00e9n se convierte en una hermosa oportunidad para apreciar y aprender sobre la riqueza de nuestra diversidad ling\u00fc\u00edstica.<\/p>\t\t\t\t\t\t\t\t<\/div>\n\t\t\t\t<\/div>\n\t\t\t\t\t<\/div>\n\t\t<\/div>\n\t\t\t\t\t<\/div>\n\t\t<\/section>\n\t\t\t\t<section class=\"elementor-section elementor-top-section elementor-element elementor-element-246c29b1 elementor-section-full_width elementor-section-height-min-height elementor-section-height-default elementor-section-items-middle\" data-id=\"246c29b1\" data-element_type=\"section\">\n\t\t\t\t\t\t<div class=\"elementor-container elementor-column-gap-no\">\n\t\t\t\t\t<div class=\"elementor-column elementor-col-100 elementor-top-column elementor-element elementor-element-e0e92d4\" data-id=\"e0e92d4\" data-element_type=\"column\">\n\t\t\t<div class=\"elementor-widget-wrap elementor-element-populated\">\n\t\t\t\t\t\t<div class=\"elementor-element elementor-element-701c09d5 elementor-arrows-position-inside elementor-pagination-position-outside elementor-widget elementor-widget-image-carousel\" data-id=\"701c09d5\" data-element_type=\"widget\" data-settings=\"{&quot;slides_to_show&quot;:&quot;6&quot;,&quot;image_spacing_custom&quot;:{&quot;unit&quot;:&quot;px&quot;,&quot;size&quot;:10,&quot;sizes&quot;:[]},&quot;slides_to_show_tablet&quot;:&quot;3&quot;,&quot;navigation&quot;:&quot;both&quot;,&quot;autoplay&quot;:&quot;yes&quot;,&quot;pause_on_hover&quot;:&quot;yes&quot;,&quot;pause_on_interaction&quot;:&quot;yes&quot;,&quot;autoplay_speed&quot;:5000,&quot;infinite&quot;:&quot;yes&quot;,&quot;speed&quot;:500,&quot;image_spacing_custom_tablet&quot;:{&quot;unit&quot;:&quot;px&quot;,&quot;size&quot;:&quot;&quot;,&quot;sizes&quot;:[]},&quot;image_spacing_custom_mobile&quot;:{&quot;unit&quot;:&quot;px&quot;,&quot;size&quot;:&quot;&quot;,&quot;sizes&quot;:[]}}\" data-widget_type=\"image-carousel.default\">\n\t\t\t\t<div class=\"elementor-widget-container\">\n\t\t\t\t\t\t\t<div class=\"elementor-image-carousel-wrapper swiper\" role=\"region\" aria-roledescription=\"carousel\" aria-label=\"Carrusel de im\u00e1genes\" dir=\"ltr\">\n\t\t\t<div class=\"elementor-image-carousel swiper-wrapper\" aria-live=\"off\">\n\t\t\t\t\t\t\t\t<div class=\"swiper-slide\" role=\"group\" aria-roledescription=\"slide\" aria-label=\"1 de 5\"><figure class=\"swiper-slide-inner\"><img decoding=\"async\" class=\"swiper-slide-image\" src=\"https:\/\/susanaromero.com\/wp-content\/uploads\/elementor\/thumbs\/photo_2025-01-16_01-57-19-r02hallqt3vhvgee2b56zeneliixuuawns3a26tj2w.jpg\" alt=\"cucaycuco\" \/><\/figure><\/div><div class=\"swiper-slide\" role=\"group\" aria-roledescription=\"slide\" aria-label=\"2 de 5\"><figure class=\"swiper-slide-inner\"><img decoding=\"async\" class=\"swiper-slide-image\" src=\"https:\/\/susanaromero.com\/wp-content\/uploads\/elementor\/thumbs\/photo_2025-01-16_01-57-16-r02hanhf6ry2iobnrbyg4e6bsa9oa8idc1e90qqqqg.jpg\" alt=\"cucaycuco2\" \/><\/figure><\/div><div class=\"swiper-slide\" role=\"group\" aria-roledescription=\"slide\" aria-label=\"3 de 5\"><figure class=\"swiper-slide-inner\"><img decoding=\"async\" class=\"swiper-slide-image\" src=\"https:\/\/susanaromero.com\/wp-content\/uploads\/elementor\/thumbs\/photo_2025-01-16_01-57-13-r02hapd3kg0n5w8xgcrp9dp8z20epmpu0ap7zanye0.jpg\" alt=\"cucaycuco3\" \/><\/figure><\/div><div class=\"swiper-slide\" role=\"group\" aria-roledescription=\"slide\" aria-label=\"4 de 5\"><figure class=\"swiper-slide-inner\"><img decoding=\"async\" class=\"swiper-slide-image\" src=\"https:\/\/susanaromero.com\/wp-content\/uploads\/elementor\/thumbs\/photo_2025-01-16_01-57-11-r02har8ry437t4675dkyed865tr550xaok06xul61k.jpg\" alt=\"cucaycuco4\" \/><\/figure><\/div><div class=\"swiper-slide\" role=\"group\" aria-roledescription=\"slide\" aria-label=\"5 de 5\"><figure class=\"swiper-slide-inner\"><img decoding=\"async\" class=\"swiper-slide-image\" src=\"https:\/\/susanaromero.com\/wp-content\/uploads\/elementor\/thumbs\/photo_2025-01-16_01-57-08-r02hat4gbs5sgc3guee7jcr3clhvkf4rctb5weidp4.jpg\" alt=\"cucaycuco6\" \/><\/figure><\/div>\t\t\t<\/div>\n\t\t\t\t\t\t\t\t\t\t\t\t<div class=\"elementor-swiper-button elementor-swiper-button-prev\" role=\"button\" tabindex=\"0\">\n\t\t\t\t\t\t<svg aria-hidden=\"true\" class=\"e-font-icon-svg e-eicon-chevron-left\" viewBox=\"0 0 1000 1000\" xmlns=\"http:\/\/www.w3.org\/2000\/svg\"><path d=\"M646 125C629 125 613 133 604 142L308 442C296 454 292 471 292 487 292 504 296 521 308 533L604 854C617 867 629 875 646 875 663 875 679 871 692 858 704 846 713 829 713 812 713 796 708 779 692 767L438 487 692 225C700 217 708 204 708 187 708 171 704 154 692 142 675 129 663 125 646 125Z\"><\/path><\/svg>\t\t\t\t\t<\/div>\n\t\t\t\t\t<div class=\"elementor-swiper-button elementor-swiper-button-next\" role=\"button\" tabindex=\"0\">\n\t\t\t\t\t\t<svg aria-hidden=\"true\" class=\"e-font-icon-svg e-eicon-chevron-right\" viewBox=\"0 0 1000 1000\" xmlns=\"http:\/\/www.w3.org\/2000\/svg\"><path d=\"M696 533C708 521 713 504 713 487 713 471 708 454 696 446L400 146C388 133 375 125 354 125 338 125 325 129 313 142 300 154 292 171 292 187 292 204 296 221 308 233L563 492 304 771C292 783 288 800 288 817 288 833 296 850 308 863 321 871 338 875 354 875 371 875 388 867 400 854L696 533Z\"><\/path><\/svg>\t\t\t\t\t<\/div>\n\t\t\t\t\n\t\t\t\t\t\t\t\t\t<div class=\"swiper-pagination\"><\/div>\n\t\t\t\t\t\t\t\t\t<\/div>\n\t\t\t\t\t\t<\/div>\n\t\t\t\t<\/div>\n\t\t\t\t\t<\/div>\n\t\t<\/div>\n\t\t\t\t\t<\/div>\n\t\t<\/section>\n\t\t\t\t<section class=\"elementor-section elementor-top-section elementor-element elementor-element-59769b2b elementor-section-boxed elementor-section-height-default elementor-section-height-default\" data-id=\"59769b2b\" data-element_type=\"section\" data-settings=\"{&quot;background_background&quot;:&quot;classic&quot;}\">\n\t\t\t\t\t\t<div class=\"elementor-container elementor-column-gap-default\">\n\t\t\t\t\t<div class=\"elementor-column elementor-col-100 elementor-top-column elementor-element elementor-element-3308db70\" data-id=\"3308db70\" data-element_type=\"column\">\n\t\t\t<div class=\"elementor-widget-wrap elementor-element-populated\">\n\t\t\t\t\t\t<section class=\"elementor-section elementor-inner-section elementor-element elementor-element-430deaf9 elementor-section-boxed elementor-section-height-default elementor-section-height-default\" data-id=\"430deaf9\" data-element_type=\"section\" data-settings=\"{&quot;background_background&quot;:&quot;classic&quot;}\">\n\t\t\t\t\t\t<div class=\"elementor-container elementor-column-gap-default\">\n\t\t\t\t\t<div class=\"elementor-column elementor-col-50 elementor-inner-column elementor-element elementor-element-861eae8\" data-id=\"861eae8\" data-element_type=\"column\">\n\t\t\t<div class=\"elementor-widget-wrap elementor-element-populated\">\n\t\t\t\t\t\t<div class=\"elementor-element elementor-element-2c80e99e elementor-widget elementor-widget-heading\" data-id=\"2c80e99e\" data-element_type=\"widget\" data-widget_type=\"heading.default\">\n\t\t\t\t<div class=\"elementor-widget-container\">\n\t\t\t\t\t<h5 class=\"elementor-heading-title elementor-size-default\">Nuestras aventuras os esperan<\/h5>\t\t\t\t<\/div>\n\t\t\t\t<\/div>\n\t\t\t\t<div class=\"elementor-element elementor-element-419289f elementor-widget elementor-widget-text-editor\" data-id=\"419289f\" data-element_type=\"widget\" data-widget_type=\"text-editor.default\">\n\t\t\t\t<div class=\"elementor-widget-container\">\n\t\t\t\t\t\t\t\t\t<p>No esperes m\u00e1s y \u00fanete a nosotros en Teatremociona para disfrutar de una aventura que te llevar\u00e1 m\u00e1s all\u00e1 de las p\u00e1ginas de un libro, en un viaje donde la imaginaci\u00f3n no conoce l\u00edmites y cada historia es una ventana a mundos nuevos y emocionantes. <strong>\u00a1Vive la magia de los libros como nunca antes y deja que &#8220;Cuca, Cuco y las Biblionidos&#8221; encante a toda la familia!<\/strong><\/p>\t\t\t\t\t\t\t\t<\/div>\n\t\t\t\t<\/div>\n\t\t\t\t\t<\/div>\n\t\t<\/div>\n\t\t\t\t<div class=\"elementor-column elementor-col-50 elementor-inner-column elementor-element elementor-element-1e057e34\" data-id=\"1e057e34\" data-element_type=\"column\">\n\t\t\t<div class=\"elementor-widget-wrap elementor-element-populated\">\n\t\t\t\t\t\t<div class=\"elementor-element elementor-element-375bdc9 elementor-align-center elementor-widget elementor-widget-button\" data-id=\"375bdc9\" data-element_type=\"widget\" data-widget_type=\"button.default\">\n\t\t\t\t<div class=\"elementor-widget-container\">\n\t\t\t\t\t\t\t\t\t<div class=\"elementor-button-wrapper\">\n\t\t\t\t\t<a class=\"elementor-button elementor-button-link elementor-size-xs\" href=\"tel:\/\/+34636973022\">\n\t\t\t\t\t\t<span class=\"elementor-button-content-wrapper\">\n\t\t\t\t\t\t\t\t\t<span class=\"elementor-button-text\">Ll\u00e1manos<\/span>\n\t\t\t\t\t<\/span>\n\t\t\t\t\t<\/a>\n\t\t\t\t<\/div>\n\t\t\t\t\t\t\t\t<\/div>\n\t\t\t\t<\/div>\n\t\t\t\t\t<\/div>\n\t\t<\/div>\n\t\t\t\t\t<\/div>\n\t\t<\/section>\n\t\t\t\t\t<\/div>\n\t\t<\/div>\n\t\t\t\t\t<\/div>\n\t\t<\/section>\n\t\t\t\t<\/div>\n\t\t","protected":false},"excerpt":{"rendered":"<p>Cuca, Cuco y las Biblionidos \u00a1Bienvenidos al fascinante mundo de &#8220;Cuca, Cuco y las Biblionidos&#8221;! Un espect\u00e1culo extraordinario que promete llevar a grandes y peque\u00f1os a un viaje inolvidable a trav\u00e9s del encanto de la lectura y el poder de la imaginaci\u00f3n. En este m\u00e1gico espect\u00e1culo, conoceremos a Cuca y Cuco, dos simp\u00e1ticos p\u00e1jaros que [&hellip;]<\/p>\n","protected":false},"author":1,"featured_media":0,"parent":0,"menu_order":0,"comment_status":"closed","ping_status":"closed","template":"","meta":{"footnotes":""},"class_list":["post-946","page","type-page","status-publish","hentry"],"_links":{"self":[{"href":"https:\/\/susanaromero.com\/index.php?rest_route=\/wp\/v2\/pages\/946","targetHints":{"allow":["GET"]}}],"collection":[{"href":"https:\/\/susanaromero.com\/index.php?rest_route=\/wp\/v2\/pages"}],"about":[{"href":"https:\/\/susanaromero.com\/index.php?rest_route=\/wp\/v2\/types\/page"}],"author":[{"embeddable":true,"href":"https:\/\/susanaromero.com\/index.php?rest_route=\/wp\/v2\/users\/1"}],"replies":[{"embeddable":true,"href":"https:\/\/susanaromero.com\/index.php?rest_route=%2Fwp%2Fv2%2Fcomments&post=946"}],"version-history":[{"count":4,"href":"https:\/\/susanaromero.com\/index.php?rest_route=\/wp\/v2\/pages\/946\/revisions"}],"predecessor-version":[{"id":955,"href":"https:\/\/susanaromero.com\/index.php?rest_route=\/wp\/v2\/pages\/946\/revisions\/955"}],"wp:attachment":[{"href":"https:\/\/susanaromero.com\/index.php?rest_route=%2Fwp%2Fv2%2Fmedia&parent=946"}],"curies":[{"name":"wp","href":"https:\/\/api.w.org\/{rel}","templated":true}]}}