{"id":828,"date":"2024-09-04T09:18:46","date_gmt":"2024-09-04T09:18:46","guid":{"rendered":"http:\/\/susanaromero.com\/?page_id=828"},"modified":"2024-09-04T11:57:03","modified_gmt":"2024-09-04T11:57:03","slug":"espectaculo-todo-se-transforma","status":"publish","type":"page","link":"https:\/\/susanaromero.com\/?page_id=828","title":{"rendered":"Espect\u00e1culo &#8211; Todo se Transforma"},"content":{"rendered":"\t\t<div data-elementor-type=\"wp-page\" data-elementor-id=\"828\" class=\"elementor elementor-828\" data-elementor-post-type=\"page\">\n\t\t\t\t\t\t<section class=\"elementor-section elementor-top-section elementor-element elementor-element-54e1b51c elementor-section-boxed elementor-section-height-default elementor-section-height-default\" data-id=\"54e1b51c\" data-element_type=\"section\" data-settings=\"{&quot;background_background&quot;:&quot;classic&quot;}\">\n\t\t\t\t\t\t\t<div class=\"elementor-background-overlay\"><\/div>\n\t\t\t\t\t\t\t<div class=\"elementor-container elementor-column-gap-default\">\n\t\t\t\t\t<div class=\"elementor-column elementor-col-100 elementor-top-column elementor-element elementor-element-d256b20\" data-id=\"d256b20\" data-element_type=\"column\" data-settings=\"{&quot;background_background&quot;:&quot;classic&quot;}\">\n\t\t\t<div class=\"elementor-widget-wrap elementor-element-populated\">\n\t\t\t\t\t<div class=\"elementor-background-overlay\"><\/div>\n\t\t\t\t\t\t<div class=\"elementor-element elementor-element-867188a elementor-widget elementor-widget-image\" data-id=\"867188a\" data-element_type=\"widget\" data-widget_type=\"image.default\">\n\t\t\t\t<div class=\"elementor-widget-container\">\n\t\t\t\t\t\t\t\t\t\t\t\t\t\t\t<img fetchpriority=\"high\" decoding=\"async\" width=\"800\" height=\"200\" src=\"https:\/\/susanaromero.com\/wp-content\/uploads\/2024\/09\/Todos-nuestros-espectaculos-se-realizan-tanto-en-Castellano-como-en-Valenciano-1024x256.png\" class=\"attachment-large size-large wp-image-914\" alt=\"\" srcset=\"https:\/\/susanaromero.com\/wp-content\/uploads\/2024\/09\/Todos-nuestros-espectaculos-se-realizan-tanto-en-Castellano-como-en-Valenciano-1024x256.png 1024w, https:\/\/susanaromero.com\/wp-content\/uploads\/2024\/09\/Todos-nuestros-espectaculos-se-realizan-tanto-en-Castellano-como-en-Valenciano-300x75.png 300w, https:\/\/susanaromero.com\/wp-content\/uploads\/2024\/09\/Todos-nuestros-espectaculos-se-realizan-tanto-en-Castellano-como-en-Valenciano-768x192.png 768w, https:\/\/susanaromero.com\/wp-content\/uploads\/2024\/09\/Todos-nuestros-espectaculos-se-realizan-tanto-en-Castellano-como-en-Valenciano-600x150.png 600w, https:\/\/susanaromero.com\/wp-content\/uploads\/2024\/09\/Todos-nuestros-espectaculos-se-realizan-tanto-en-Castellano-como-en-Valenciano.png 1200w\" sizes=\"(max-width: 800px) 100vw, 800px\" \/>\t\t\t\t\t\t\t\t\t\t\t\t\t\t\t<\/div>\n\t\t\t\t<\/div>\n\t\t\t\t<div class=\"elementor-element elementor-element-412a252c elementor-widget elementor-widget-heading\" data-id=\"412a252c\" data-element_type=\"widget\" data-widget_type=\"heading.default\">\n\t\t\t\t<div class=\"elementor-widget-container\">\n\t\t\t\t\t<h3 class=\"elementor-heading-title elementor-size-default\">Todo<\/h3>\t\t\t\t<\/div>\n\t\t\t\t<\/div>\n\t\t\t\t<div class=\"elementor-element elementor-element-45ca80fa elementor-widget elementor-widget-heading\" data-id=\"45ca80fa\" data-element_type=\"widget\" data-widget_type=\"heading.default\">\n\t\t\t\t<div class=\"elementor-widget-container\">\n\t\t\t\t\t<h2 class=\"elementor-heading-title elementor-size-default\">se Transforma<\/h2>\t\t\t\t<\/div>\n\t\t\t\t<\/div>\n\t\t\t\t<div class=\"elementor-element elementor-element-4c01dd4f elementor-widget elementor-widget-image\" data-id=\"4c01dd4f\" data-element_type=\"widget\" data-widget_type=\"image.default\">\n\t\t\t\t<div class=\"elementor-widget-container\">\n\t\t\t\t\t\t\t\t\t\t\t\t\t\t\t<img decoding=\"async\" width=\"315\" height=\"26\" src=\"https:\/\/susanaromero.com\/wp-content\/uploads\/2024\/08\/underline-dot.png\" class=\"attachment-large size-large wp-image-307\" alt=\"\" srcset=\"https:\/\/susanaromero.com\/wp-content\/uploads\/2024\/08\/underline-dot.png 315w, https:\/\/susanaromero.com\/wp-content\/uploads\/2024\/08\/underline-dot-300x26.png 300w\" sizes=\"(max-width: 315px) 100vw, 315px\" \/>\t\t\t\t\t\t\t\t\t\t\t\t\t\t\t<\/div>\n\t\t\t\t<\/div>\n\t\t\t\t<div class=\"elementor-element elementor-element-936d6db elementor-widget elementor-widget-text-editor\" data-id=\"936d6db\" data-element_type=\"widget\" data-widget_type=\"text-editor.default\">\n\t\t\t\t<div class=\"elementor-widget-container\">\n\t\t\t\t\t\t\t\t\t<p>\u00bfTe imaginas el viaje de una peque\u00f1a oruga mientras aprende a abrazar los cambios y encontrar su verdadero valor? En <strong>Teatremociona<\/strong>, te invitamos a descubrir la encantadora historia de <strong>&#8220;Todo se Transforma&#8221;<\/strong> a trav\u00e9s de nuestro espect\u00e1culo. Los ni\u00f1os vivir\u00e1n la emocionante aventura de Lula, una oruga que sue\u00f1a con volar, mientras enfrenta desaf\u00edos y aprende lecciones importantes sobre la vida y la autoaceptaci\u00f3n.<\/p><p><strong>\u00bfQu\u00e9 hace especial este espect\u00e1culo?<\/strong><br \/>A diferencia de los cuentos tradicionales, en <strong>&#8220;Todo se Transforma&#8221;<\/strong> los ni\u00f1os no solo escuchan la historia, \u00a1se convierten en parte de ella! A trav\u00e9s de marionetas y una narraci\u00f3n llena de magia, los peque\u00f1os participan activamente en la transformaci\u00f3n de Lula, descubriendo el poder del cambio, la amistad y la resiliencia.<\/p><p>\u00a0<\/p><p><strong>Ideal para:<\/strong><\/p><ul><li>Padres que desean compartir una experiencia educativa y emotiva con sus hijos.<\/li><li>Docentes que buscan espect\u00e1culos que fomenten el crecimiento personal y la autoaceptaci\u00f3n desde un enfoque l\u00fadico.<\/li><li>Ni\u00f1os que disfrutar\u00e1n siendo parte de la aventura y aprender\u00e1n que los cambios forman parte natural de la vida.<\/li><\/ul><p>\u00a0<\/p><p><strong>\u00bfC\u00f3mo te gustar\u00eda vivir este espect\u00e1culo?<\/strong><br \/>Puedes elegir entre dos versiones de esta historia:<\/p><ul><li><strong>Teatral<\/strong>: Disfrazamos a los ni\u00f1os y los convertimos en protagonistas de la historia, haci\u00e9ndolos participar activamente.<\/li><li><strong>Con t\u00edteres<\/strong>: Una encantadora versi\u00f3n de marionetas que narra la historia con visuales y actuaciones llenas de magia.<\/li><\/ul>\t\t\t\t\t\t\t\t<\/div>\n\t\t\t\t<\/div>\n\t\t\t\t\t<\/div>\n\t\t<\/div>\n\t\t\t\t\t<\/div>\n\t\t<\/section>\n\t\t\t\t<section class=\"elementor-section elementor-top-section elementor-element elementor-element-a967a0b elementor-section-boxed elementor-section-height-default elementor-section-height-default\" data-id=\"a967a0b\" data-element_type=\"section\" data-settings=\"{&quot;background_background&quot;:&quot;classic&quot;}\">\n\t\t\t\t\t\t\t<div class=\"elementor-background-overlay\"><\/div>\n\t\t\t\t\t\t\t<div class=\"elementor-container elementor-column-gap-default\">\n\t\t\t\t\t<div class=\"elementor-column elementor-col-100 elementor-top-column elementor-element elementor-element-5ee7d3a\" data-id=\"5ee7d3a\" data-element_type=\"column\">\n\t\t\t<div class=\"elementor-widget-wrap elementor-element-populated\">\n\t\t\t\t\t\t<section class=\"elementor-section elementor-inner-section elementor-element elementor-element-2505255f elementor-section-boxed elementor-section-height-default elementor-section-height-default\" data-id=\"2505255f\" data-element_type=\"section\">\n\t\t\t\t\t\t<div class=\"elementor-container elementor-column-gap-default\">\n\t\t\t\t\t<div class=\"elementor-column elementor-col-50 elementor-inner-column elementor-element elementor-element-612a89f0\" data-id=\"612a89f0\" data-element_type=\"column\" data-settings=\"{&quot;background_background&quot;:&quot;classic&quot;}\">\n\t\t\t<div class=\"elementor-widget-wrap elementor-element-populated\">\n\t\t\t\t\t\t<div class=\"elementor-element elementor-element-8357f8f elementor-widget elementor-widget-image\" data-id=\"8357f8f\" data-element_type=\"widget\" data-widget_type=\"image.default\">\n\t\t\t\t<div class=\"elementor-widget-container\">\n\t\t\t\t\t\t\t\t\t\t\t\t\t\t\t<img decoding=\"async\" width=\"800\" height=\"600\" src=\"https:\/\/susanaromero.com\/wp-content\/uploads\/2024\/09\/photo_2024-09-04_12-14-16.jpg\" class=\"attachment-large size-large wp-image-860\" alt=\"\" srcset=\"https:\/\/susanaromero.com\/wp-content\/uploads\/2024\/09\/photo_2024-09-04_12-14-16.jpg 1024w, https:\/\/susanaromero.com\/wp-content\/uploads\/2024\/09\/photo_2024-09-04_12-14-16-300x225.jpg 300w, https:\/\/susanaromero.com\/wp-content\/uploads\/2024\/09\/photo_2024-09-04_12-14-16-768x576.jpg 768w, https:\/\/susanaromero.com\/wp-content\/uploads\/2024\/09\/photo_2024-09-04_12-14-16-600x450.jpg 600w\" sizes=\"(max-width: 800px) 100vw, 800px\" \/>\t\t\t\t\t\t\t\t\t\t\t\t\t\t\t<\/div>\n\t\t\t\t<\/div>\n\t\t\t\t<div class=\"elementor-element elementor-element-3194d8f4 elementor-widget elementor-widget-heading\" data-id=\"3194d8f4\" data-element_type=\"widget\" data-widget_type=\"heading.default\">\n\t\t\t\t<div class=\"elementor-widget-container\">\n\t\t\t\t\t<h4 class=\"elementor-heading-title elementor-size-default\">Teatro Vivencial<\/h4>\t\t\t\t<\/div>\n\t\t\t\t<\/div>\n\t\t\t\t\t<\/div>\n\t\t<\/div>\n\t\t\t\t<div class=\"elementor-column elementor-col-50 elementor-inner-column elementor-element elementor-element-27730981\" data-id=\"27730981\" data-element_type=\"column\" data-settings=\"{&quot;background_background&quot;:&quot;classic&quot;}\">\n\t\t\t<div class=\"elementor-widget-wrap elementor-element-populated\">\n\t\t\t\t\t\t<div class=\"elementor-element elementor-element-28ef8741 elementor-widget elementor-widget-image\" data-id=\"28ef8741\" data-element_type=\"widget\" data-widget_type=\"image.default\">\n\t\t\t\t<div class=\"elementor-widget-container\">\n\t\t\t\t\t\t\t\t\t\t\t\t\t\t\t<img loading=\"lazy\" decoding=\"async\" width=\"800\" height=\"600\" src=\"https:\/\/susanaromero.com\/wp-content\/uploads\/2024\/09\/photo_2024-09-04_13-21-44-1024x768.jpg\" class=\"attachment-large size-large wp-image-907\" alt=\"\" srcset=\"https:\/\/susanaromero.com\/wp-content\/uploads\/2024\/09\/photo_2024-09-04_13-21-44-1024x768.jpg 1024w, https:\/\/susanaromero.com\/wp-content\/uploads\/2024\/09\/photo_2024-09-04_13-21-44-300x225.jpg 300w, https:\/\/susanaromero.com\/wp-content\/uploads\/2024\/09\/photo_2024-09-04_13-21-44-768x576.jpg 768w, https:\/\/susanaromero.com\/wp-content\/uploads\/2024\/09\/photo_2024-09-04_13-21-44-600x450.jpg 600w, https:\/\/susanaromero.com\/wp-content\/uploads\/2024\/09\/photo_2024-09-04_13-21-44.jpg 1280w\" sizes=\"(max-width: 800px) 100vw, 800px\" \/>\t\t\t\t\t\t\t\t\t\t\t\t\t\t\t<\/div>\n\t\t\t\t<\/div>\n\t\t\t\t<div class=\"elementor-element elementor-element-3f07e93e elementor-widget elementor-widget-heading\" data-id=\"3f07e93e\" data-element_type=\"widget\" data-widget_type=\"heading.default\">\n\t\t\t\t<div class=\"elementor-widget-container\">\n\t\t\t\t\t<h4 class=\"elementor-heading-title elementor-size-default\">Con T\u00edteres<\/h4>\t\t\t\t<\/div>\n\t\t\t\t<\/div>\n\t\t\t\t\t<\/div>\n\t\t<\/div>\n\t\t\t\t\t<\/div>\n\t\t<\/section>\n\t\t\t\t\t<\/div>\n\t\t<\/div>\n\t\t\t\t\t<\/div>\n\t\t<\/section>\n\t\t\t\t<section class=\"elementor-section elementor-top-section elementor-element elementor-element-6868b542 elementor-section-full_width elementor-section-height-min-height elementor-section-height-default elementor-section-items-middle\" data-id=\"6868b542\" data-element_type=\"section\">\n\t\t\t\t\t\t<div class=\"elementor-container elementor-column-gap-no\">\n\t\t\t\t\t<div class=\"elementor-column elementor-col-100 elementor-top-column elementor-element elementor-element-76fa9f62\" data-id=\"76fa9f62\" data-element_type=\"column\">\n\t\t\t<div class=\"elementor-widget-wrap elementor-element-populated\">\n\t\t\t\t\t\t<div class=\"elementor-element elementor-element-5e4ebd71 elementor-arrows-position-inside elementor-pagination-position-outside elementor-widget elementor-widget-image-carousel\" data-id=\"5e4ebd71\" data-element_type=\"widget\" data-settings=\"{&quot;slides_to_show&quot;:&quot;5&quot;,&quot;image_spacing_custom&quot;:{&quot;unit&quot;:&quot;px&quot;,&quot;size&quot;:10,&quot;sizes&quot;:[]},&quot;slides_to_show_tablet&quot;:&quot;3&quot;,&quot;navigation&quot;:&quot;both&quot;,&quot;autoplay&quot;:&quot;yes&quot;,&quot;pause_on_hover&quot;:&quot;yes&quot;,&quot;pause_on_interaction&quot;:&quot;yes&quot;,&quot;autoplay_speed&quot;:5000,&quot;infinite&quot;:&quot;yes&quot;,&quot;speed&quot;:500,&quot;image_spacing_custom_tablet&quot;:{&quot;unit&quot;:&quot;px&quot;,&quot;size&quot;:&quot;&quot;,&quot;sizes&quot;:[]},&quot;image_spacing_custom_mobile&quot;:{&quot;unit&quot;:&quot;px&quot;,&quot;size&quot;:&quot;&quot;,&quot;sizes&quot;:[]}}\" data-widget_type=\"image-carousel.default\">\n\t\t\t\t<div class=\"elementor-widget-container\">\n\t\t\t\t\t\t\t<div class=\"elementor-image-carousel-wrapper swiper\" role=\"region\" aria-roledescription=\"carousel\" aria-label=\"Carrusel de im\u00e1genes\" dir=\"ltr\">\n\t\t\t<div class=\"elementor-image-carousel swiper-wrapper\" aria-live=\"off\">\n\t\t\t\t\t\t\t\t<div class=\"swiper-slide\" role=\"group\" aria-roledescription=\"slide\" aria-label=\"1 de 6\"><figure class=\"swiper-slide-inner\"><img decoding=\"async\" class=\"swiper-slide-image\" src=\"https:\/\/susanaromero.com\/wp-content\/uploads\/elementor\/thumbs\/IMG_20220401_121704-scaled-qsmcglsir9uajgfon5rzutp2ldmk5wgz8ljpdlhpeg.jpg\" alt=\"IMG_20220401_121704\" \/><\/figure><\/div><div class=\"swiper-slide\" role=\"group\" aria-roledescription=\"slide\" aria-label=\"2 de 6\"><figure class=\"swiper-slide-inner\"><img decoding=\"async\" class=\"swiper-slide-image\" src=\"https:\/\/susanaromero.com\/wp-content\/uploads\/elementor\/thumbs\/IMG-20220408-WA0015-qsmcgsde343asq64kqmdua1ar2q4ns73li43qj7y6w.jpg\" alt=\"IMG-20220408-WA0015\" \/><\/figure><\/div><div class=\"swiper-slide\" role=\"group\" aria-roledescription=\"slide\" aria-label=\"3 de 6\"><figure class=\"swiper-slide-inner\"><img decoding=\"async\" class=\"swiper-slide-image\" src=\"https:\/\/susanaromero.com\/wp-content\/uploads\/elementor\/thumbs\/DSC_0603-1-scaled-qsmcg21wrr39rn8cuf8twgoe4abuo9am5vuiasaz14.jpg\" alt=\"DSC_0603\" \/><\/figure><\/div><div class=\"swiper-slide\" role=\"group\" aria-roledescription=\"slide\" aria-label=\"4 de 6\"><figure class=\"swiper-slide-inner\"><img decoding=\"async\" class=\"swiper-slide-image\" src=\"https:\/\/susanaromero.com\/wp-content\/uploads\/elementor\/thumbs\/IMG-20220408-WA0035-1-qsmc37lbd9i73hw3uvcdtpdlupn9h6aoeavm6nco2g.jpg\" alt=\"IMG-20220408-WA0035\" \/><\/figure><\/div><div class=\"swiper-slide\" role=\"group\" aria-roledescription=\"slide\" aria-label=\"5 de 6\"><figure class=\"swiper-slide-inner\"><img decoding=\"async\" class=\"swiper-slide-image\" src=\"https:\/\/susanaromero.com\/wp-content\/uploads\/elementor\/thumbs\/DSC_0639-1-scaled-qsmbz40nk9w6gpugsljyg8m8l7umwp0ti0gdu7fh7c.jpg\" alt=\"DSC_0639\" \/><\/figure><\/div><div class=\"swiper-slide\" role=\"group\" aria-roledescription=\"slide\" aria-label=\"6 de 6\"><figure class=\"swiper-slide-inner\"><img decoding=\"async\" class=\"swiper-slide-image\" src=\"https:\/\/susanaromero.com\/wp-content\/uploads\/elementor\/thumbs\/DSC_0668-scaled-qsmcg9kmafdkcixfmihuges2vdasdu4gux2e4zztnc.jpg\" alt=\"DSC_0668\" \/><\/figure><\/div>\t\t\t<\/div>\n\t\t\t\t\t\t\t\t\t\t\t\t<div class=\"elementor-swiper-button elementor-swiper-button-prev\" role=\"button\" tabindex=\"0\">\n\t\t\t\t\t\t<svg aria-hidden=\"true\" class=\"e-font-icon-svg e-eicon-chevron-left\" viewBox=\"0 0 1000 1000\" xmlns=\"http:\/\/www.w3.org\/2000\/svg\"><path d=\"M646 125C629 125 613 133 604 142L308 442C296 454 292 471 292 487 292 504 296 521 308 533L604 854C617 867 629 875 646 875 663 875 679 871 692 858 704 846 713 829 713 812 713 796 708 779 692 767L438 487 692 225C700 217 708 204 708 187 708 171 704 154 692 142 675 129 663 125 646 125Z\"><\/path><\/svg>\t\t\t\t\t<\/div>\n\t\t\t\t\t<div class=\"elementor-swiper-button elementor-swiper-button-next\" role=\"button\" tabindex=\"0\">\n\t\t\t\t\t\t<svg aria-hidden=\"true\" class=\"e-font-icon-svg e-eicon-chevron-right\" viewBox=\"0 0 1000 1000\" xmlns=\"http:\/\/www.w3.org\/2000\/svg\"><path d=\"M696 533C708 521 713 504 713 487 713 471 708 454 696 446L400 146C388 133 375 125 354 125 338 125 325 129 313 142 300 154 292 171 292 187 292 204 296 221 308 233L563 492 304 771C292 783 288 800 288 817 288 833 296 850 308 863 321 871 338 875 354 875 371 875 388 867 400 854L696 533Z\"><\/path><\/svg>\t\t\t\t\t<\/div>\n\t\t\t\t\n\t\t\t\t\t\t\t\t\t<div class=\"swiper-pagination\"><\/div>\n\t\t\t\t\t\t\t\t\t<\/div>\n\t\t\t\t\t\t<\/div>\n\t\t\t\t<\/div>\n\t\t\t\t\t<\/div>\n\t\t<\/div>\n\t\t\t\t\t<\/div>\n\t\t<\/section>\n\t\t\t\t<section class=\"elementor-section elementor-top-section elementor-element elementor-element-7581272c elementor-section-boxed elementor-section-height-default elementor-section-height-default\" data-id=\"7581272c\" data-element_type=\"section\" data-settings=\"{&quot;background_background&quot;:&quot;classic&quot;}\">\n\t\t\t\t\t\t<div class=\"elementor-container elementor-column-gap-default\">\n\t\t\t\t\t<div class=\"elementor-column elementor-col-100 elementor-top-column elementor-element elementor-element-39f4dbd6\" data-id=\"39f4dbd6\" data-element_type=\"column\">\n\t\t\t<div class=\"elementor-widget-wrap elementor-element-populated\">\n\t\t\t\t\t\t<section class=\"elementor-section elementor-inner-section elementor-element elementor-element-6e0ec8bd elementor-section-boxed elementor-section-height-default elementor-section-height-default\" data-id=\"6e0ec8bd\" data-element_type=\"section\" data-settings=\"{&quot;background_background&quot;:&quot;classic&quot;}\">\n\t\t\t\t\t\t<div class=\"elementor-container elementor-column-gap-default\">\n\t\t\t\t\t<div class=\"elementor-column elementor-col-50 elementor-inner-column elementor-element elementor-element-2f4ef63a\" data-id=\"2f4ef63a\" data-element_type=\"column\">\n\t\t\t<div class=\"elementor-widget-wrap elementor-element-populated\">\n\t\t\t\t\t\t<div class=\"elementor-element elementor-element-4308ef76 elementor-widget elementor-widget-heading\" data-id=\"4308ef76\" data-element_type=\"widget\" data-widget_type=\"heading.default\">\n\t\t\t\t<div class=\"elementor-widget-container\">\n\t\t\t\t\t<h5 class=\"elementor-heading-title elementor-size-default\">Todo se Transforma<\/h5>\t\t\t\t<\/div>\n\t\t\t\t<\/div>\n\t\t\t\t<div class=\"elementor-element elementor-element-5f2720e6 elementor-widget elementor-widget-text-editor\" data-id=\"5f2720e6\" data-element_type=\"widget\" data-widget_type=\"text-editor.default\">\n\t\t\t\t<div class=\"elementor-widget-container\">\n\t\t\t\t\t\t\t\t\t<p>Durante esta m\u00e1gica aventura, los ni\u00f1os participan activamente, convirti\u00e9ndose en parte de la historia y descubriendo el poder de la resiliencia y el crecimiento personal. \u00a1No te pierdas esta oportunidad \u00fanica de entretenimiento y aprendizaje que har\u00e1 so\u00f1ar, re\u00edr y reflexionar a toda la familia, mientras se exploran temas tan esenciales como el cambio, la amistad y la autoaceptaci\u00f3n! <strong>Una experiencia inolvidable para grandes y peque\u00f1os.<\/strong><\/p>\t\t\t\t\t\t\t\t<\/div>\n\t\t\t\t<\/div>\n\t\t\t\t\t<\/div>\n\t\t<\/div>\n\t\t\t\t<div class=\"elementor-column elementor-col-50 elementor-inner-column elementor-element elementor-element-766fef7f\" data-id=\"766fef7f\" data-element_type=\"column\">\n\t\t\t<div class=\"elementor-widget-wrap elementor-element-populated\">\n\t\t\t\t\t\t<div class=\"elementor-element elementor-element-76037698 elementor-align-center elementor-widget elementor-widget-button\" data-id=\"76037698\" data-element_type=\"widget\" data-widget_type=\"button.default\">\n\t\t\t\t<div class=\"elementor-widget-container\">\n\t\t\t\t\t\t\t\t\t<div class=\"elementor-button-wrapper\">\n\t\t\t\t\t<a class=\"elementor-button elementor-button-link elementor-size-xs\" href=\"tel:\/\/+34636973022\">\n\t\t\t\t\t\t<span class=\"elementor-button-content-wrapper\">\n\t\t\t\t\t\t\t\t\t<span class=\"elementor-button-text\">Ll\u00e1manos<\/span>\n\t\t\t\t\t<\/span>\n\t\t\t\t\t<\/a>\n\t\t\t\t<\/div>\n\t\t\t\t\t\t\t\t<\/div>\n\t\t\t\t<\/div>\n\t\t\t\t\t<\/div>\n\t\t<\/div>\n\t\t\t\t\t<\/div>\n\t\t<\/section>\n\t\t\t\t\t<\/div>\n\t\t<\/div>\n\t\t\t\t\t<\/div>\n\t\t<\/section>\n\t\t\t\t<\/div>\n\t\t","protected":false},"excerpt":{"rendered":"<p>Todo se Transforma \u00bfTe imaginas el viaje de una peque\u00f1a oruga mientras aprende a abrazar los cambios y encontrar su verdadero valor? En Teatremociona, te invitamos a descubrir la encantadora historia de &#8220;Todo se Transforma&#8221; a trav\u00e9s de nuestro espect\u00e1culo. Los ni\u00f1os vivir\u00e1n la emocionante aventura de Lula, una oruga que sue\u00f1a con volar, mientras [&hellip;]<\/p>\n","protected":false},"author":1,"featured_media":0,"parent":0,"menu_order":0,"comment_status":"closed","ping_status":"closed","template":"","meta":{"footnotes":""},"class_list":["post-828","page","type-page","status-publish","hentry"],"_links":{"self":[{"href":"https:\/\/susanaromero.com\/index.php?rest_route=\/wp\/v2\/pages\/828","targetHints":{"allow":["GET"]}}],"collection":[{"href":"https:\/\/susanaromero.com\/index.php?rest_route=\/wp\/v2\/pages"}],"about":[{"href":"https:\/\/susanaromero.com\/index.php?rest_route=\/wp\/v2\/types\/page"}],"author":[{"embeddable":true,"href":"https:\/\/susanaromero.com\/index.php?rest_route=\/wp\/v2\/users\/1"}],"replies":[{"embeddable":true,"href":"https:\/\/susanaromero.com\/index.php?rest_route=%2Fwp%2Fv2%2Fcomments&post=828"}],"version-history":[{"count":13,"href":"https:\/\/susanaromero.com\/index.php?rest_route=\/wp\/v2\/pages\/828\/revisions"}],"predecessor-version":[{"id":932,"href":"https:\/\/susanaromero.com\/index.php?rest_route=\/wp\/v2\/pages\/828\/revisions\/932"}],"wp:attachment":[{"href":"https:\/\/susanaromero.com\/index.php?rest_route=%2Fwp%2Fv2%2Fmedia&parent=828"}],"curies":[{"name":"wp","href":"https:\/\/api.w.org\/{rel}","templated":true}]}}