{"id":821,"date":"2024-09-04T09:11:04","date_gmt":"2024-09-04T09:11:04","guid":{"rendered":"http:\/\/susanaromero.com\/?page_id=821"},"modified":"2024-09-04T11:55:41","modified_gmt":"2024-09-04T11:55:41","slug":"espectaculo-el-lado-oscuro-de-papa-noel","status":"publish","type":"page","link":"https:\/\/susanaromero.com\/?page_id=821","title":{"rendered":"Espect\u00e1culo &#8211; El lado Oscuro de Pap\u00e1 Noel"},"content":{"rendered":"\t\t<div data-elementor-type=\"wp-page\" data-elementor-id=\"821\" class=\"elementor elementor-821\" data-elementor-post-type=\"page\">\n\t\t\t\t\t\t<section class=\"elementor-section elementor-top-section elementor-element elementor-element-32f8754d elementor-section-boxed elementor-section-height-default elementor-section-height-default\" data-id=\"32f8754d\" data-element_type=\"section\" data-settings=\"{&quot;background_background&quot;:&quot;classic&quot;}\">\n\t\t\t\t\t\t\t<div class=\"elementor-background-overlay\"><\/div>\n\t\t\t\t\t\t\t<div class=\"elementor-container elementor-column-gap-default\">\n\t\t\t\t\t<div class=\"elementor-column elementor-col-100 elementor-top-column elementor-element elementor-element-3110fe31\" data-id=\"3110fe31\" data-element_type=\"column\" data-settings=\"{&quot;background_background&quot;:&quot;classic&quot;}\">\n\t\t\t<div class=\"elementor-widget-wrap elementor-element-populated\">\n\t\t\t\t\t<div class=\"elementor-background-overlay\"><\/div>\n\t\t\t\t\t\t<div class=\"elementor-element elementor-element-a2ee74d elementor-widget elementor-widget-image\" data-id=\"a2ee74d\" data-element_type=\"widget\" data-widget_type=\"image.default\">\n\t\t\t\t<div class=\"elementor-widget-container\">\n\t\t\t\t\t\t\t\t\t\t\t\t\t\t\t<img fetchpriority=\"high\" decoding=\"async\" width=\"800\" height=\"200\" src=\"https:\/\/susanaromero.com\/wp-content\/uploads\/2024\/09\/Todos-nuestros-espectaculos-se-realizan-tanto-en-Castellano-como-en-Valenciano-1024x256.png\" class=\"attachment-large size-large wp-image-914\" alt=\"\" srcset=\"https:\/\/susanaromero.com\/wp-content\/uploads\/2024\/09\/Todos-nuestros-espectaculos-se-realizan-tanto-en-Castellano-como-en-Valenciano-1024x256.png 1024w, https:\/\/susanaromero.com\/wp-content\/uploads\/2024\/09\/Todos-nuestros-espectaculos-se-realizan-tanto-en-Castellano-como-en-Valenciano-300x75.png 300w, https:\/\/susanaromero.com\/wp-content\/uploads\/2024\/09\/Todos-nuestros-espectaculos-se-realizan-tanto-en-Castellano-como-en-Valenciano-768x192.png 768w, https:\/\/susanaromero.com\/wp-content\/uploads\/2024\/09\/Todos-nuestros-espectaculos-se-realizan-tanto-en-Castellano-como-en-Valenciano-600x150.png 600w, https:\/\/susanaromero.com\/wp-content\/uploads\/2024\/09\/Todos-nuestros-espectaculos-se-realizan-tanto-en-Castellano-como-en-Valenciano.png 1200w\" sizes=\"(max-width: 800px) 100vw, 800px\" \/>\t\t\t\t\t\t\t\t\t\t\t\t\t\t\t<\/div>\n\t\t\t\t<\/div>\n\t\t\t\t<div class=\"elementor-element elementor-element-2db85fe3 elementor-widget elementor-widget-heading\" data-id=\"2db85fe3\" data-element_type=\"widget\" data-widget_type=\"heading.default\">\n\t\t\t\t<div class=\"elementor-widget-container\">\n\t\t\t\t\t<h3 class=\"elementor-heading-title elementor-size-default\">El lado Oscuro<\/h3>\t\t\t\t<\/div>\n\t\t\t\t<\/div>\n\t\t\t\t<div class=\"elementor-element elementor-element-5d2f0b19 elementor-widget elementor-widget-heading\" data-id=\"5d2f0b19\" data-element_type=\"widget\" data-widget_type=\"heading.default\">\n\t\t\t\t<div class=\"elementor-widget-container\">\n\t\t\t\t\t<h2 class=\"elementor-heading-title elementor-size-default\">de Pap\u00e1 Noel<\/h2>\t\t\t\t<\/div>\n\t\t\t\t<\/div>\n\t\t\t\t<div class=\"elementor-element elementor-element-3eceb201 elementor-widget elementor-widget-image\" data-id=\"3eceb201\" data-element_type=\"widget\" data-widget_type=\"image.default\">\n\t\t\t\t<div class=\"elementor-widget-container\">\n\t\t\t\t\t\t\t\t\t\t\t\t\t\t\t<img decoding=\"async\" width=\"315\" height=\"26\" src=\"https:\/\/susanaromero.com\/wp-content\/uploads\/2024\/08\/underline-dot.png\" class=\"attachment-large size-large wp-image-307\" alt=\"\" srcset=\"https:\/\/susanaromero.com\/wp-content\/uploads\/2024\/08\/underline-dot.png 315w, https:\/\/susanaromero.com\/wp-content\/uploads\/2024\/08\/underline-dot-300x26.png 300w\" sizes=\"(max-width: 315px) 100vw, 315px\" \/>\t\t\t\t\t\t\t\t\t\t\t\t\t\t\t<\/div>\n\t\t\t\t<\/div>\n\t\t\t\t<div class=\"elementor-element elementor-element-72b5c8c4 elementor-widget elementor-widget-text-editor\" data-id=\"72b5c8c4\" data-element_type=\"widget\" data-widget_type=\"text-editor.default\">\n\t\t\t\t<div class=\"elementor-widget-container\">\n\t\t\t\t\t\t\t\t\t<p>\u00bfTe imaginas una Navidad donde Pap\u00e1 Noel tiene un hermano gemelo con planes malintencionados? En <strong>Teatremociona<\/strong>, te invitamos a descubrir esta divertida y emocionante historia en nuestro espect\u00e1culo: <strong>&#8220;El Lado Oscuro de Pap\u00e1 Noel&#8221;<\/strong>. A trav\u00e9s de t\u00edteres y una narraci\u00f3n llena de intriga y humor, los infantes se sumergir\u00e1n en una aventura navide\u00f1a como nunca antes.<\/p>\n<p><strong>\u00bfQu\u00e9 hace especial este espect\u00e1culo?<\/strong><br>En lugar de la cl\u00e1sica historia de Pap\u00e1 Noel, en esta versi\u00f3n su hermano gemelo, Pap\u00e1 No\u00e9s, intenta suplantarlo con un plan perverso. Pero un grupo de valientes infantes lo descubre, y con su ayuda, todo toma un giro inesperado. Este espect\u00e1culo ense\u00f1a a los m\u00e1s peque\u00f1os valores como el perd\u00f3n, la valent\u00eda y la empat\u00eda, todo mientras disfrutan de una experiencia divertida y m\u00e1gica.<\/p><p><br><\/p>\n<p><strong>Ideal para:<\/strong><\/p>\n<ul>\n<li>Padres que quieren compartir una tarde llena de risas y emociones con sus hijos.<\/li>\n<li>Docentes que buscan espect\u00e1culos educativos que transmitan valores desde un enfoque l\u00fadico.<\/li>\n<li>Peques que disfrutar\u00e1n viendo a Pap\u00e1 Noel y su gemelo en una historia diferente y sorprendente.<\/li>\n<\/ul><div><br><\/div><div><br><\/div>\n<p><strong>\u00bfC\u00f3mo te gustar\u00eda vivir este espect\u00e1culo?<\/strong><br>Elige c\u00f3mo disfrutar de esta divertida historia:<\/p>\n<ul>\n<li><strong>Teatral<\/strong>: Donde los infantes se disfrazan y participan activamente en la historia.<\/li>\n<li><strong>Con t\u00edteres<\/strong>: Un espect\u00e1culo visual con marionetas que cuenta la historia de forma encantadora y llena de intriga.<\/li>\n<\/ul>\t\t\t\t\t\t\t\t<\/div>\n\t\t\t\t<\/div>\n\t\t\t\t\t<\/div>\n\t\t<\/div>\n\t\t\t\t\t<\/div>\n\t\t<\/section>\n\t\t\t\t<section class=\"elementor-section elementor-top-section elementor-element elementor-element-24a54d7f elementor-section-boxed elementor-section-height-default elementor-section-height-default\" data-id=\"24a54d7f\" data-element_type=\"section\" data-settings=\"{&quot;background_background&quot;:&quot;classic&quot;}\">\n\t\t\t\t\t\t\t<div class=\"elementor-background-overlay\"><\/div>\n\t\t\t\t\t\t\t<div class=\"elementor-container elementor-column-gap-default\">\n\t\t\t\t\t<div class=\"elementor-column elementor-col-100 elementor-top-column elementor-element elementor-element-75b0c0b5\" data-id=\"75b0c0b5\" data-element_type=\"column\">\n\t\t\t<div class=\"elementor-widget-wrap elementor-element-populated\">\n\t\t\t\t\t\t<section class=\"elementor-section elementor-inner-section elementor-element elementor-element-3081aa38 elementor-section-boxed elementor-section-height-default elementor-section-height-default\" data-id=\"3081aa38\" data-element_type=\"section\">\n\t\t\t\t\t\t<div class=\"elementor-container elementor-column-gap-default\">\n\t\t\t\t\t<div class=\"elementor-column elementor-col-50 elementor-inner-column elementor-element elementor-element-3ea480bf\" data-id=\"3ea480bf\" data-element_type=\"column\" data-settings=\"{&quot;background_background&quot;:&quot;classic&quot;}\">\n\t\t\t<div class=\"elementor-widget-wrap elementor-element-populated\">\n\t\t\t\t\t\t<div class=\"elementor-element elementor-element-4c5d4d98 elementor-widget elementor-widget-image\" data-id=\"4c5d4d98\" data-element_type=\"widget\" data-widget_type=\"image.default\">\n\t\t\t\t<div class=\"elementor-widget-container\">\n\t\t\t\t\t\t\t\t\t\t\t\t\t\t\t<img decoding=\"async\" width=\"800\" height=\"600\" src=\"https:\/\/susanaromero.com\/wp-content\/uploads\/2024\/09\/photo_2024-09-04_12-14-19-1024x768.jpg\" class=\"attachment-large size-large wp-image-869\" alt=\"\" srcset=\"https:\/\/susanaromero.com\/wp-content\/uploads\/2024\/09\/photo_2024-09-04_12-14-19-1024x768.jpg 1024w, https:\/\/susanaromero.com\/wp-content\/uploads\/2024\/09\/photo_2024-09-04_12-14-19-300x225.jpg 300w, https:\/\/susanaromero.com\/wp-content\/uploads\/2024\/09\/photo_2024-09-04_12-14-19-768x576.jpg 768w, https:\/\/susanaromero.com\/wp-content\/uploads\/2024\/09\/photo_2024-09-04_12-14-19-600x450.jpg 600w, https:\/\/susanaromero.com\/wp-content\/uploads\/2024\/09\/photo_2024-09-04_12-14-19.jpg 1280w\" sizes=\"(max-width: 800px) 100vw, 800px\" \/>\t\t\t\t\t\t\t\t\t\t\t\t\t\t\t<\/div>\n\t\t\t\t<\/div>\n\t\t\t\t<div class=\"elementor-element elementor-element-65b6c3b4 elementor-widget elementor-widget-heading\" data-id=\"65b6c3b4\" data-element_type=\"widget\" data-widget_type=\"heading.default\">\n\t\t\t\t<div class=\"elementor-widget-container\">\n\t\t\t\t\t<h4 class=\"elementor-heading-title elementor-size-default\">Teatro Vivencial<\/h4>\t\t\t\t<\/div>\n\t\t\t\t<\/div>\n\t\t\t\t\t<\/div>\n\t\t<\/div>\n\t\t\t\t<div class=\"elementor-column elementor-col-50 elementor-inner-column elementor-element elementor-element-6cef1236\" data-id=\"6cef1236\" data-element_type=\"column\" data-settings=\"{&quot;background_background&quot;:&quot;classic&quot;}\">\n\t\t\t<div class=\"elementor-widget-wrap elementor-element-populated\">\n\t\t\t\t\t\t<div class=\"elementor-element elementor-element-72f55a39 elementor-widget elementor-widget-image\" data-id=\"72f55a39\" data-element_type=\"widget\" data-widget_type=\"image.default\">\n\t\t\t\t<div class=\"elementor-widget-container\">\n\t\t\t\t\t\t\t\t\t\t\t\t\t\t\t<img loading=\"lazy\" decoding=\"async\" width=\"800\" height=\"600\" src=\"https:\/\/susanaromero.com\/wp-content\/uploads\/2024\/09\/photo_2024-09-04_12-14-12-1024x768.jpg\" class=\"attachment-large size-large wp-image-868\" alt=\"\" srcset=\"https:\/\/susanaromero.com\/wp-content\/uploads\/2024\/09\/photo_2024-09-04_12-14-12-1024x768.jpg 1024w, https:\/\/susanaromero.com\/wp-content\/uploads\/2024\/09\/photo_2024-09-04_12-14-12-300x225.jpg 300w, https:\/\/susanaromero.com\/wp-content\/uploads\/2024\/09\/photo_2024-09-04_12-14-12-768x576.jpg 768w, https:\/\/susanaromero.com\/wp-content\/uploads\/2024\/09\/photo_2024-09-04_12-14-12-600x450.jpg 600w, https:\/\/susanaromero.com\/wp-content\/uploads\/2024\/09\/photo_2024-09-04_12-14-12.jpg 1280w\" sizes=\"(max-width: 800px) 100vw, 800px\" \/>\t\t\t\t\t\t\t\t\t\t\t\t\t\t\t<\/div>\n\t\t\t\t<\/div>\n\t\t\t\t<div class=\"elementor-element elementor-element-3d5706cb elementor-widget elementor-widget-heading\" data-id=\"3d5706cb\" data-element_type=\"widget\" data-widget_type=\"heading.default\">\n\t\t\t\t<div class=\"elementor-widget-container\">\n\t\t\t\t\t<h4 class=\"elementor-heading-title elementor-size-default\">Con T\u00edteres<\/h4>\t\t\t\t<\/div>\n\t\t\t\t<\/div>\n\t\t\t\t\t<\/div>\n\t\t<\/div>\n\t\t\t\t\t<\/div>\n\t\t<\/section>\n\t\t\t\t\t<\/div>\n\t\t<\/div>\n\t\t\t\t\t<\/div>\n\t\t<\/section>\n\t\t\t\t<section class=\"elementor-section elementor-top-section elementor-element elementor-element-4a63f2a3 elementor-section-full_width elementor-section-height-min-height elementor-section-height-default elementor-section-items-middle\" data-id=\"4a63f2a3\" data-element_type=\"section\">\n\t\t\t\t\t\t<div class=\"elementor-container elementor-column-gap-no\">\n\t\t\t\t\t<div class=\"elementor-column elementor-col-100 elementor-top-column elementor-element elementor-element-18cb8878\" data-id=\"18cb8878\" data-element_type=\"column\">\n\t\t\t<div class=\"elementor-widget-wrap elementor-element-populated\">\n\t\t\t\t\t\t<div class=\"elementor-element elementor-element-5b9dc53b elementor-arrows-position-inside elementor-pagination-position-outside elementor-widget elementor-widget-image-carousel\" data-id=\"5b9dc53b\" data-element_type=\"widget\" data-settings=\"{&quot;slides_to_show&quot;:&quot;6&quot;,&quot;image_spacing_custom&quot;:{&quot;unit&quot;:&quot;px&quot;,&quot;size&quot;:10,&quot;sizes&quot;:[]},&quot;slides_to_show_tablet&quot;:&quot;3&quot;,&quot;navigation&quot;:&quot;both&quot;,&quot;autoplay&quot;:&quot;yes&quot;,&quot;pause_on_hover&quot;:&quot;yes&quot;,&quot;pause_on_interaction&quot;:&quot;yes&quot;,&quot;autoplay_speed&quot;:5000,&quot;infinite&quot;:&quot;yes&quot;,&quot;speed&quot;:500,&quot;image_spacing_custom_tablet&quot;:{&quot;unit&quot;:&quot;px&quot;,&quot;size&quot;:&quot;&quot;,&quot;sizes&quot;:[]},&quot;image_spacing_custom_mobile&quot;:{&quot;unit&quot;:&quot;px&quot;,&quot;size&quot;:&quot;&quot;,&quot;sizes&quot;:[]}}\" data-widget_type=\"image-carousel.default\">\n\t\t\t\t<div class=\"elementor-widget-container\">\n\t\t\t\t\t\t\t<div class=\"elementor-image-carousel-wrapper swiper\" role=\"region\" aria-roledescription=\"carousel\" aria-label=\"Carrusel de im\u00e1genes\" dir=\"ltr\">\n\t\t\t<div class=\"elementor-image-carousel swiper-wrapper\" aria-live=\"off\">\n\t\t\t\t\t\t\t\t<div class=\"swiper-slide\" role=\"group\" aria-roledescription=\"slide\" aria-label=\"1 de 6\"><figure class=\"swiper-slide-inner\"><img decoding=\"async\" class=\"swiper-slide-image\" src=\"https:\/\/susanaromero.com\/wp-content\/uploads\/elementor\/thumbs\/WhatsApp-Image-2021-11-21-at-22.47.56-1-pxuw1jbp68wgx64dwawftylbs4lre8kt7z42t6clw8.jpeg\" alt=\"WhatsApp-Image-2021-11-21-at-22.47.56-1\" \/><\/figure><\/div><div class=\"swiper-slide\" role=\"group\" aria-roledescription=\"slide\" aria-label=\"2 de 6\"><figure class=\"swiper-slide-inner\"><img decoding=\"async\" class=\"swiper-slide-image\" src=\"https:\/\/susanaromero.com\/wp-content\/uploads\/elementor\/thumbs\/foto-cole-2-min-1-pxuw2g81tg5i7islk74dr8agkm3lvn7f0hy2luztug.jpg\" alt=\"foto-cole-2-min-1\" \/><\/figure><\/div><div class=\"swiper-slide\" role=\"group\" aria-roledescription=\"slide\" aria-label=\"3 de 6\"><figure class=\"swiper-slide-inner\"><img decoding=\"async\" class=\"swiper-slide-image\" src=\"https:\/\/susanaromero.com\/wp-content\/uploads\/elementor\/thumbs\/WhatsApp-Image-2021-11-14-at-22.49.17-1-pxuskqb5q61vd3eqocrqrge0abr9d13uq8r4ujeg2g.jpeg\" alt=\"WhatsApp Image 2021-11-14 at 22.49.17 (1)\" \/><\/figure><\/div><div class=\"swiper-slide\" role=\"group\" aria-roledescription=\"slide\" aria-label=\"4 de 6\"><figure class=\"swiper-slide-inner\"><img decoding=\"async\" class=\"swiper-slide-image\" src=\"https:\/\/susanaromero.com\/wp-content\/uploads\/elementor\/thumbs\/WhatsApp-Image-2023-05-30-at-17.51.31-2-qf0884mrqn85roy4kpuc2fmaikhs10dadqk57vpiag.jpeg\" alt=\"WhatsApp Image 2023-05-30 at 17.51.31 (2)\" \/><\/figure><\/div><div class=\"swiper-slide\" role=\"group\" aria-roledescription=\"slide\" aria-label=\"5 de 6\"><figure class=\"swiper-slide-inner\"><img decoding=\"async\" class=\"swiper-slide-image\" src=\"https:\/\/susanaromero.com\/wp-content\/uploads\/elementor\/thumbs\/WhatsApp-Image-2022-04-13-at-2.25.56-PM-pxusmmxdl2nswmn2jofibh2nngd1yxo9bodkvqkpg8.jpeg\" alt=\"WhatsApp Image 2022-04-13 at 2.25.56 PM\" \/><\/figure><\/div><div class=\"swiper-slide\" role=\"group\" aria-roledescription=\"slide\" aria-label=\"6 de 6\"><figure class=\"swiper-slide-inner\"><img decoding=\"async\" class=\"swiper-slide-image\" src=\"https:\/\/susanaromero.com\/wp-content\/uploads\/elementor\/thumbs\/WhatsApp-Image-2021-11-14-at-22.49.20-1-pxusl78956p162q5xk310c4az9fv7kz0skhvhipcyg.jpeg\" alt=\"WhatsApp Image 2021-11-14 at 22.49.20 (1)\" \/><\/figure><\/div>\t\t\t<\/div>\n\t\t\t\t\t\t\t\t\t\t\t\t<div class=\"elementor-swiper-button elementor-swiper-button-prev\" role=\"button\" tabindex=\"0\">\n\t\t\t\t\t\t<svg aria-hidden=\"true\" class=\"e-font-icon-svg e-eicon-chevron-left\" viewBox=\"0 0 1000 1000\" xmlns=\"http:\/\/www.w3.org\/2000\/svg\"><path d=\"M646 125C629 125 613 133 604 142L308 442C296 454 292 471 292 487 292 504 296 521 308 533L604 854C617 867 629 875 646 875 663 875 679 871 692 858 704 846 713 829 713 812 713 796 708 779 692 767L438 487 692 225C700 217 708 204 708 187 708 171 704 154 692 142 675 129 663 125 646 125Z\"><\/path><\/svg>\t\t\t\t\t<\/div>\n\t\t\t\t\t<div class=\"elementor-swiper-button elementor-swiper-button-next\" role=\"button\" tabindex=\"0\">\n\t\t\t\t\t\t<svg aria-hidden=\"true\" class=\"e-font-icon-svg e-eicon-chevron-right\" viewBox=\"0 0 1000 1000\" xmlns=\"http:\/\/www.w3.org\/2000\/svg\"><path d=\"M696 533C708 521 713 504 713 487 713 471 708 454 696 446L400 146C388 133 375 125 354 125 338 125 325 129 313 142 300 154 292 171 292 187 292 204 296 221 308 233L563 492 304 771C292 783 288 800 288 817 288 833 296 850 308 863 321 871 338 875 354 875 371 875 388 867 400 854L696 533Z\"><\/path><\/svg>\t\t\t\t\t<\/div>\n\t\t\t\t\n\t\t\t\t\t\t\t\t\t<div class=\"swiper-pagination\"><\/div>\n\t\t\t\t\t\t\t\t\t<\/div>\n\t\t\t\t\t\t<\/div>\n\t\t\t\t<\/div>\n\t\t\t\t\t<\/div>\n\t\t<\/div>\n\t\t\t\t\t<\/div>\n\t\t<\/section>\n\t\t\t\t<section class=\"elementor-section elementor-top-section elementor-element elementor-element-2b64b1ff elementor-section-boxed elementor-section-height-default elementor-section-height-default\" data-id=\"2b64b1ff\" data-element_type=\"section\" data-settings=\"{&quot;background_background&quot;:&quot;classic&quot;}\">\n\t\t\t\t\t\t<div class=\"elementor-container elementor-column-gap-default\">\n\t\t\t\t\t<div class=\"elementor-column elementor-col-100 elementor-top-column elementor-element elementor-element-7455901\" data-id=\"7455901\" data-element_type=\"column\">\n\t\t\t<div class=\"elementor-widget-wrap elementor-element-populated\">\n\t\t\t\t\t\t<section class=\"elementor-section elementor-inner-section elementor-element elementor-element-10792cb5 elementor-section-boxed elementor-section-height-default elementor-section-height-default\" data-id=\"10792cb5\" data-element_type=\"section\" data-settings=\"{&quot;background_background&quot;:&quot;classic&quot;}\">\n\t\t\t\t\t\t<div class=\"elementor-container elementor-column-gap-default\">\n\t\t\t\t\t<div class=\"elementor-column elementor-col-50 elementor-inner-column elementor-element elementor-element-7fb2f219\" data-id=\"7fb2f219\" data-element_type=\"column\">\n\t\t\t<div class=\"elementor-widget-wrap elementor-element-populated\">\n\t\t\t\t\t\t<div class=\"elementor-element elementor-element-49ce2814 elementor-widget elementor-widget-heading\" data-id=\"49ce2814\" data-element_type=\"widget\" data-widget_type=\"heading.default\">\n\t\t\t\t<div class=\"elementor-widget-container\">\n\t\t\t\t\t<h5 class=\"elementor-heading-title elementor-size-default\">El lado Oscuro de Pap\u00e1 Noel<\/h5>\t\t\t\t<\/div>\n\t\t\t\t<\/div>\n\t\t\t\t<div class=\"elementor-element elementor-element-6b5a65db elementor-widget elementor-widget-text-editor\" data-id=\"6b5a65db\" data-element_type=\"widget\" data-widget_type=\"text-editor.default\">\n\t\t\t\t<div class=\"elementor-widget-container\">\n\t\t\t\t\t\t\t\t\t<div class=\"flex max-w-full flex-col flex-grow\"><div class=\"min-h-[20px] text-message flex w-full flex-col items-end gap-2 break-words [.text-message+&amp;]:mt-5 overflow-x-auto whitespace-normal\" dir=\"auto\" data-message-author-role=\"assistant\" data-message-id=\"19aa3322-3543-472f-96d4-c72bbf4df78a\"><div class=\"flex w-full flex-col gap-1 empty:hidden first:pt-[3px]\"><div class=\"markdown prose w-full break-words dark:prose-invert light\"><p>Este m\u00e1gico espect\u00e1culo es mucho m\u00e1s que una representaci\u00f3n; es una oportunidad \u00fanica para que los infantes vivan una experiencia inolvidable mientras aprenden importantes lecciones de vida. A trav\u00e9s de marionetas, se sumergir\u00e1n en una historia llena de intriga, valores y risas. \u00a1No te pierdas esta divertida aventura que har\u00e1 re\u00edr, so\u00f1ar y reflexionar a toda la familia, mientras los peques descubren la importancia del perd\u00f3n, la valent\u00eda y la empat\u00eda! <strong>Una experiencia m\u00e1gica que quedar\u00e1 grabada en sus corazones.<\/strong><\/p><\/div><\/div><\/div><\/div>\t\t\t\t\t\t\t\t<\/div>\n\t\t\t\t<\/div>\n\t\t\t\t\t<\/div>\n\t\t<\/div>\n\t\t\t\t<div class=\"elementor-column elementor-col-50 elementor-inner-column elementor-element elementor-element-5a20cf1\" data-id=\"5a20cf1\" data-element_type=\"column\">\n\t\t\t<div class=\"elementor-widget-wrap elementor-element-populated\">\n\t\t\t\t\t\t<div class=\"elementor-element elementor-element-72deaa46 elementor-align-center elementor-widget elementor-widget-button\" data-id=\"72deaa46\" data-element_type=\"widget\" data-widget_type=\"button.default\">\n\t\t\t\t<div class=\"elementor-widget-container\">\n\t\t\t\t\t\t\t\t\t<div class=\"elementor-button-wrapper\">\n\t\t\t\t\t<a class=\"elementor-button elementor-button-link elementor-size-xs\" href=\"tel:\/\/+34636973022\">\n\t\t\t\t\t\t<span class=\"elementor-button-content-wrapper\">\n\t\t\t\t\t\t\t\t\t<span class=\"elementor-button-text\">Ll\u00e1manos<\/span>\n\t\t\t\t\t<\/span>\n\t\t\t\t\t<\/a>\n\t\t\t\t<\/div>\n\t\t\t\t\t\t\t\t<\/div>\n\t\t\t\t<\/div>\n\t\t\t\t\t<\/div>\n\t\t<\/div>\n\t\t\t\t\t<\/div>\n\t\t<\/section>\n\t\t\t\t\t<\/div>\n\t\t<\/div>\n\t\t\t\t\t<\/div>\n\t\t<\/section>\n\t\t\t\t<\/div>\n\t\t","protected":false},"excerpt":{"rendered":"<p>El lado Oscuro de Pap\u00e1 Noel \u00bfTe imaginas una Navidad donde Pap\u00e1 Noel tiene un hermano gemelo con planes malintencionados? En Teatremociona, te invitamos a descubrir esta divertida y emocionante historia en nuestro espect\u00e1culo: &#8220;El Lado Oscuro de Pap\u00e1 Noel&#8221;. A trav\u00e9s de t\u00edteres y una narraci\u00f3n llena de intriga y humor, los infantes se [&hellip;]<\/p>\n","protected":false},"author":1,"featured_media":0,"parent":0,"menu_order":0,"comment_status":"closed","ping_status":"closed","template":"","meta":{"footnotes":""},"class_list":["post-821","page","type-page","status-publish","hentry"],"_links":{"self":[{"href":"https:\/\/susanaromero.com\/index.php?rest_route=\/wp\/v2\/pages\/821","targetHints":{"allow":["GET"]}}],"collection":[{"href":"https:\/\/susanaromero.com\/index.php?rest_route=\/wp\/v2\/pages"}],"about":[{"href":"https:\/\/susanaromero.com\/index.php?rest_route=\/wp\/v2\/types\/page"}],"author":[{"embeddable":true,"href":"https:\/\/susanaromero.com\/index.php?rest_route=\/wp\/v2\/users\/1"}],"replies":[{"embeddable":true,"href":"https:\/\/susanaromero.com\/index.php?rest_route=%2Fwp%2Fv2%2Fcomments&post=821"}],"version-history":[{"count":20,"href":"https:\/\/susanaromero.com\/index.php?rest_route=\/wp\/v2\/pages\/821\/revisions"}],"predecessor-version":[{"id":929,"href":"https:\/\/susanaromero.com\/index.php?rest_route=\/wp\/v2\/pages\/821\/revisions\/929"}],"wp:attachment":[{"href":"https:\/\/susanaromero.com\/index.php?rest_route=%2Fwp%2Fv2%2Fmedia&parent=821"}],"curies":[{"name":"wp","href":"https:\/\/api.w.org\/{rel}","templated":true}]}}