{"id":800,"date":"2024-09-04T08:52:38","date_gmt":"2024-09-04T08:52:38","guid":{"rendered":"http:\/\/susanaromero.com\/?page_id=800"},"modified":"2024-09-04T11:54:22","modified_gmt":"2024-09-04T11:54:22","slug":"cuentos-corrientes","status":"publish","type":"page","link":"https:\/\/susanaromero.com\/?page_id=800","title":{"rendered":"Espect\u00e1culo &#8211; Cuentos Corrientes"},"content":{"rendered":"\t\t<div data-elementor-type=\"wp-page\" data-elementor-id=\"800\" class=\"elementor elementor-800\" data-elementor-post-type=\"page\">\n\t\t\t\t\t\t<section class=\"elementor-section elementor-top-section elementor-element elementor-element-39a61e25 elementor-section-boxed elementor-section-height-default elementor-section-height-default\" data-id=\"39a61e25\" data-element_type=\"section\" data-settings=\"{&quot;background_background&quot;:&quot;classic&quot;}\">\n\t\t\t\t\t\t\t<div class=\"elementor-background-overlay\"><\/div>\n\t\t\t\t\t\t\t<div class=\"elementor-container elementor-column-gap-default\">\n\t\t\t\t\t<div class=\"elementor-column elementor-col-100 elementor-top-column elementor-element elementor-element-1519e048\" data-id=\"1519e048\" data-element_type=\"column\" data-settings=\"{&quot;background_background&quot;:&quot;classic&quot;}\">\n\t\t\t<div class=\"elementor-widget-wrap elementor-element-populated\">\n\t\t\t\t\t<div class=\"elementor-background-overlay\"><\/div>\n\t\t\t\t\t\t<div class=\"elementor-element elementor-element-53a04c2 elementor-widget elementor-widget-image\" data-id=\"53a04c2\" data-element_type=\"widget\" data-widget_type=\"image.default\">\n\t\t\t\t<div class=\"elementor-widget-container\">\n\t\t\t\t\t\t\t\t\t\t\t\t\t\t\t<img fetchpriority=\"high\" decoding=\"async\" width=\"800\" height=\"200\" src=\"https:\/\/susanaromero.com\/wp-content\/uploads\/2024\/09\/Todos-nuestros-espectaculos-se-realizan-tanto-en-Castellano-como-en-Valenciano-1024x256.png\" class=\"attachment-large size-large wp-image-914\" alt=\"\" srcset=\"https:\/\/susanaromero.com\/wp-content\/uploads\/2024\/09\/Todos-nuestros-espectaculos-se-realizan-tanto-en-Castellano-como-en-Valenciano-1024x256.png 1024w, https:\/\/susanaromero.com\/wp-content\/uploads\/2024\/09\/Todos-nuestros-espectaculos-se-realizan-tanto-en-Castellano-como-en-Valenciano-300x75.png 300w, https:\/\/susanaromero.com\/wp-content\/uploads\/2024\/09\/Todos-nuestros-espectaculos-se-realizan-tanto-en-Castellano-como-en-Valenciano-768x192.png 768w, https:\/\/susanaromero.com\/wp-content\/uploads\/2024\/09\/Todos-nuestros-espectaculos-se-realizan-tanto-en-Castellano-como-en-Valenciano-600x150.png 600w, https:\/\/susanaromero.com\/wp-content\/uploads\/2024\/09\/Todos-nuestros-espectaculos-se-realizan-tanto-en-Castellano-como-en-Valenciano.png 1200w\" sizes=\"(max-width: 800px) 100vw, 800px\" \/>\t\t\t\t\t\t\t\t\t\t\t\t\t\t\t<\/div>\n\t\t\t\t<\/div>\n\t\t\t\t<div class=\"elementor-element elementor-element-6f287d73 elementor-widget elementor-widget-heading\" data-id=\"6f287d73\" data-element_type=\"widget\" data-widget_type=\"heading.default\">\n\t\t\t\t<div class=\"elementor-widget-container\">\n\t\t\t\t\t<h3 class=\"elementor-heading-title elementor-size-default\">Cuentos Corrientes<\/h3>\t\t\t\t<\/div>\n\t\t\t\t<\/div>\n\t\t\t\t<div class=\"elementor-element elementor-element-75c4e11a elementor-widget elementor-widget-heading\" data-id=\"75c4e11a\" data-element_type=\"widget\" data-widget_type=\"heading.default\">\n\t\t\t\t<div class=\"elementor-widget-container\">\n\t\t\t\t\t<h2 class=\"elementor-heading-title elementor-size-default\">con un final Diferente<\/h2>\t\t\t\t<\/div>\n\t\t\t\t<\/div>\n\t\t\t\t<div class=\"elementor-element elementor-element-368feab5 elementor-widget elementor-widget-image\" data-id=\"368feab5\" data-element_type=\"widget\" data-widget_type=\"image.default\">\n\t\t\t\t<div class=\"elementor-widget-container\">\n\t\t\t\t\t\t\t\t\t\t\t\t\t\t\t<img decoding=\"async\" width=\"315\" height=\"26\" src=\"https:\/\/susanaromero.com\/wp-content\/uploads\/2024\/08\/underline-dot.png\" class=\"attachment-large size-large wp-image-307\" alt=\"\" srcset=\"https:\/\/susanaromero.com\/wp-content\/uploads\/2024\/08\/underline-dot.png 315w, https:\/\/susanaromero.com\/wp-content\/uploads\/2024\/08\/underline-dot-300x26.png 300w\" sizes=\"(max-width: 315px) 100vw, 315px\" \/>\t\t\t\t\t\t\t\t\t\t\t\t\t\t\t<\/div>\n\t\t\t\t<\/div>\n\t\t\t\t<div class=\"elementor-element elementor-element-75d6a540 elementor-widget elementor-widget-text-editor\" data-id=\"75d6a540\" data-element_type=\"widget\" data-widget_type=\"text-editor.default\">\n\t\t\t\t<div class=\"elementor-widget-container\">\n\t\t\t\t\t\t\t\t\t<p>\u00bfTe has preguntado alguna vez c\u00f3mo ser\u00eda si el lobo de los cuentos cl\u00e1sicos tuviera un destino distinto? En <strong>&#8220;Cuentos corrientes con un final diferente&#8221;<\/strong>, <strong>Teatremociona<\/strong> y <strong>Con los pies en el aire<\/strong> te invitan a redescubrir los cuentos de siempre con finales sorprendentes, llenos de humor y lecciones valiosas.<\/p><p>Este espect\u00e1culo est\u00e1 especialmente dise\u00f1ado para que padres, docentes y, por supuesto, los infantes vivan una experiencia \u00fanica. A trav\u00e9s de marionetas y una narraci\u00f3n cautivadora, el lobo se convierte en el protagonista de nuevas y divertidas situaciones. En lugar de los finales cl\u00e1sicos en los que el lobo es maltratado o eliminado, <strong>&#8220;Cuentos corrientes con un final diferente&#8221;<\/strong> ofrece desenlaces inesperados que nos invitan a mirar las historias desde una perspectiva fresca y positiva.<\/p><p>El espect\u00e1culo es perfecto para disfrutar en familia o como herramienta educativa innovadora para ense\u00f1ar a los infantes valores como la empat\u00eda, la creatividad y la importancia de ver las cosas desde otro \u00e1ngulo.<\/p><p><strong>Ideal para:<\/strong><\/p><ul><li>Padres que buscan compartir momentos llenos de risas y ense\u00f1anzas con sus hijos\/as.<\/li><li>Docentes que desean ense\u00f1ar valores de una forma l\u00fadica y original.<\/li><li>Infantes que disfrutar\u00e1n viendo al lobo en nuevas aventuras llenas de ingenio y diversi\u00f3n.<\/li><\/ul>\t\t\t\t\t\t\t\t<\/div>\n\t\t\t\t<\/div>\n\t\t\t\t\t<\/div>\n\t\t<\/div>\n\t\t\t\t\t<\/div>\n\t\t<\/section>\n\t\t\t\t<section class=\"elementor-section elementor-top-section elementor-element elementor-element-4c57971c elementor-section-full_width elementor-section-height-min-height elementor-section-height-default elementor-section-items-middle\" data-id=\"4c57971c\" data-element_type=\"section\">\n\t\t\t\t\t\t<div class=\"elementor-container elementor-column-gap-no\">\n\t\t\t\t\t<div class=\"elementor-column elementor-col-100 elementor-top-column elementor-element elementor-element-75bf4def\" data-id=\"75bf4def\" data-element_type=\"column\">\n\t\t\t<div class=\"elementor-widget-wrap elementor-element-populated\">\n\t\t\t\t\t\t<div class=\"elementor-element elementor-element-5639f8a8 elementor-arrows-position-inside elementor-pagination-position-outside elementor-widget elementor-widget-image-carousel\" data-id=\"5639f8a8\" data-element_type=\"widget\" data-settings=\"{&quot;slides_to_show&quot;:&quot;6&quot;,&quot;image_spacing_custom&quot;:{&quot;unit&quot;:&quot;px&quot;,&quot;size&quot;:10,&quot;sizes&quot;:[]},&quot;slides_to_show_tablet&quot;:&quot;3&quot;,&quot;navigation&quot;:&quot;both&quot;,&quot;autoplay&quot;:&quot;yes&quot;,&quot;pause_on_hover&quot;:&quot;yes&quot;,&quot;pause_on_interaction&quot;:&quot;yes&quot;,&quot;autoplay_speed&quot;:5000,&quot;infinite&quot;:&quot;yes&quot;,&quot;speed&quot;:500,&quot;image_spacing_custom_tablet&quot;:{&quot;unit&quot;:&quot;px&quot;,&quot;size&quot;:&quot;&quot;,&quot;sizes&quot;:[]},&quot;image_spacing_custom_mobile&quot;:{&quot;unit&quot;:&quot;px&quot;,&quot;size&quot;:&quot;&quot;,&quot;sizes&quot;:[]}}\" data-widget_type=\"image-carousel.default\">\n\t\t\t\t<div class=\"elementor-widget-container\">\n\t\t\t\t\t\t\t<div class=\"elementor-image-carousel-wrapper swiper\" role=\"region\" aria-roledescription=\"carousel\" aria-label=\"Carrusel de im\u00e1genes\" dir=\"ltr\">\n\t\t\t<div class=\"elementor-image-carousel swiper-wrapper\" aria-live=\"off\">\n\t\t\t\t\t\t\t\t<div class=\"swiper-slide\" role=\"group\" aria-roledescription=\"slide\" aria-label=\"1 de 8\"><figure class=\"swiper-slide-inner\"><img decoding=\"async\" class=\"swiper-slide-image\" src=\"https:\/\/susanaromero.com\/wp-content\/uploads\/elementor\/thumbs\/photo_1_2024-09-04_10-37-48-qtlsxxggwih75wo2i8jyk5w345jhzmzdkfnox81g48.jpg\" alt=\"photo_1_2024-09-04_10-37-48\" \/><\/figure><\/div><div class=\"swiper-slide\" role=\"group\" aria-roledescription=\"slide\" aria-label=\"2 de 8\"><figure class=\"swiper-slide-inner\"><img decoding=\"async\" class=\"swiper-slide-image\" src=\"https:\/\/susanaromero.com\/wp-content\/uploads\/elementor\/thumbs\/photo_2_2024-09-04_10-37-48-qtlsxzc5a6jrt4lc79d7p5f0axa8f16u8oynvrynrs.jpg\" alt=\"photo_2_2024-09-04_10-37-48\" \/><\/figure><\/div><div class=\"swiper-slide\" role=\"group\" aria-roledescription=\"slide\" aria-label=\"3 de 8\"><figure class=\"swiper-slide-inner\"><img decoding=\"async\" class=\"swiper-slide-image\" src=\"https:\/\/susanaromero.com\/wp-content\/uploads\/elementor\/thumbs\/photo_4_2024-09-04_10-37-48-qtlsy41c8cq7f6eiftecjm8b9un2hiphxc83a5rowo.jpg\" alt=\"photo_4_2024-09-04_10-37-48\" \/><\/figure><\/div><div class=\"swiper-slide\" role=\"group\" aria-roledescription=\"slide\" aria-label=\"4 de 8\"><figure class=\"swiper-slide-inner\"><img decoding=\"async\" class=\"swiper-slide-image\" src=\"https:\/\/susanaromero.com\/wp-content\/uploads\/elementor\/thumbs\/photo_5_2024-09-04_10-37-48-qtlsy5x0m0ss2ebs4u7lolr8gmdswwwyllj28powk8.jpg\" alt=\"photo_5_2024-09-04_10-37-48\" \/><\/figure><\/div><div class=\"swiper-slide\" role=\"group\" aria-roledescription=\"slide\" aria-label=\"5 de 8\"><figure class=\"swiper-slide-inner\"><img decoding=\"async\" class=\"swiper-slide-image\" src=\"https:\/\/susanaromero.com\/wp-content\/uploads\/elementor\/thumbs\/photo_6_2024-09-04_10-37-48-qtlsy8qj6iwn187oodfhe31m8rzwk085lzhiojkq1k.jpg\" alt=\"photo_6_2024-09-04_10-37-48\" \/><\/figure><\/div><div class=\"swiper-slide\" role=\"group\" aria-roledescription=\"slide\" aria-label=\"6 de 8\"><figure class=\"swiper-slide-inner\"><img decoding=\"async\" class=\"swiper-slide-image\" src=\"https:\/\/susanaromero.com\/wp-content\/uploads\/elementor\/thumbs\/photo_7_2024-09-04_10-37-48-qtlsyam7k6z7og4yde8qj2kjfjqmzefma8shn3hxp4.jpg\" alt=\"photo_7_2024-09-04_10-37-48\" \/><\/figure><\/div><div class=\"swiper-slide\" role=\"group\" aria-roledescription=\"slide\" aria-label=\"7 de 8\"><figure class=\"swiper-slide-inner\"><img decoding=\"async\" class=\"swiper-slide-image\" src=\"https:\/\/susanaromero.com\/wp-content\/uploads\/elementor\/thumbs\/photo_8_2024-09-04_10-37-48-qtlsybk1r10i023l7wnd3kc00xm073jcmdfz4dgjiw.jpg\" alt=\"photo_8_2024-09-04_10-37-48\" \/><\/figure><\/div><div class=\"swiper-slide\" role=\"group\" aria-roledescription=\"slide\" aria-label=\"8 de 8\"><figure class=\"swiper-slide-inner\"><img decoding=\"async\" class=\"swiper-slide-image\" src=\"https:\/\/susanaromero.com\/wp-content\/uploads\/elementor\/thumbs\/photo_9_2024-09-04_10-37-48-qtlsychvxv1sbo282f1zo23gmbhdesn2yi3glnf5co.jpg\" alt=\"photo_9_2024-09-04_10-37-48\" \/><\/figure><\/div>\t\t\t<\/div>\n\t\t\t\t\t\t\t\t\t\t\t\t<div class=\"elementor-swiper-button elementor-swiper-button-prev\" role=\"button\" tabindex=\"0\">\n\t\t\t\t\t\t<svg aria-hidden=\"true\" class=\"e-font-icon-svg e-eicon-chevron-left\" viewBox=\"0 0 1000 1000\" xmlns=\"http:\/\/www.w3.org\/2000\/svg\"><path d=\"M646 125C629 125 613 133 604 142L308 442C296 454 292 471 292 487 292 504 296 521 308 533L604 854C617 867 629 875 646 875 663 875 679 871 692 858 704 846 713 829 713 812 713 796 708 779 692 767L438 487 692 225C700 217 708 204 708 187 708 171 704 154 692 142 675 129 663 125 646 125Z\"><\/path><\/svg>\t\t\t\t\t<\/div>\n\t\t\t\t\t<div class=\"elementor-swiper-button elementor-swiper-button-next\" role=\"button\" tabindex=\"0\">\n\t\t\t\t\t\t<svg aria-hidden=\"true\" class=\"e-font-icon-svg e-eicon-chevron-right\" viewBox=\"0 0 1000 1000\" xmlns=\"http:\/\/www.w3.org\/2000\/svg\"><path d=\"M696 533C708 521 713 504 713 487 713 471 708 454 696 446L400 146C388 133 375 125 354 125 338 125 325 129 313 142 300 154 292 171 292 187 292 204 296 221 308 233L563 492 304 771C292 783 288 800 288 817 288 833 296 850 308 863 321 871 338 875 354 875 371 875 388 867 400 854L696 533Z\"><\/path><\/svg>\t\t\t\t\t<\/div>\n\t\t\t\t\n\t\t\t\t\t\t\t\t\t<div class=\"swiper-pagination\"><\/div>\n\t\t\t\t\t\t\t\t\t<\/div>\n\t\t\t\t\t\t<\/div>\n\t\t\t\t<\/div>\n\t\t\t\t\t<\/div>\n\t\t<\/div>\n\t\t\t\t\t<\/div>\n\t\t<\/section>\n\t\t\t\t<section class=\"elementor-section elementor-top-section elementor-element elementor-element-5e24920c elementor-section-boxed elementor-section-height-default elementor-section-height-default\" data-id=\"5e24920c\" data-element_type=\"section\" data-settings=\"{&quot;background_background&quot;:&quot;classic&quot;}\">\n\t\t\t\t\t\t<div class=\"elementor-container elementor-column-gap-default\">\n\t\t\t\t\t<div class=\"elementor-column elementor-col-100 elementor-top-column elementor-element elementor-element-45176687\" data-id=\"45176687\" data-element_type=\"column\">\n\t\t\t<div class=\"elementor-widget-wrap elementor-element-populated\">\n\t\t\t\t\t\t<section class=\"elementor-section elementor-inner-section elementor-element elementor-element-4c060f70 elementor-section-boxed elementor-section-height-default elementor-section-height-default\" data-id=\"4c060f70\" data-element_type=\"section\" data-settings=\"{&quot;background_background&quot;:&quot;classic&quot;}\">\n\t\t\t\t\t\t<div class=\"elementor-container elementor-column-gap-default\">\n\t\t\t\t\t<div class=\"elementor-column elementor-col-50 elementor-inner-column elementor-element elementor-element-1f175f9b\" data-id=\"1f175f9b\" data-element_type=\"column\">\n\t\t\t<div class=\"elementor-widget-wrap elementor-element-populated\">\n\t\t\t\t\t\t<div class=\"elementor-element elementor-element-3bc0e2f0 elementor-widget elementor-widget-heading\" data-id=\"3bc0e2f0\" data-element_type=\"widget\" data-widget_type=\"heading.default\">\n\t\t\t\t<div class=\"elementor-widget-container\">\n\t\t\t\t\t<h5 class=\"elementor-heading-title elementor-size-default\">Cuentos Corrientes con un final Diferente<\/h5>\t\t\t\t<\/div>\n\t\t\t\t<\/div>\n\t\t\t\t<div class=\"elementor-element elementor-element-218b9bd9 elementor-widget elementor-widget-text-editor\" data-id=\"218b9bd9\" data-element_type=\"widget\" data-widget_type=\"text-editor.default\">\n\t\t\t\t<div class=\"elementor-widget-container\">\n\t\t\t\t\t\t\t\t\t<p>No te pierdas la oportunidad de vivir una tarde m\u00e1gica donde el ingenio y la imaginaci\u00f3n se unen para ofrecer finales que nunca hubieras imaginado. <strong>\u00a1Una experiencia inolvidable que encantar\u00e1 a grandes y peque\u00f1os!<\/strong><\/p>\t\t\t\t\t\t\t\t<\/div>\n\t\t\t\t<\/div>\n\t\t\t\t\t<\/div>\n\t\t<\/div>\n\t\t\t\t<div class=\"elementor-column elementor-col-50 elementor-inner-column elementor-element elementor-element-39f79e18\" data-id=\"39f79e18\" data-element_type=\"column\">\n\t\t\t<div class=\"elementor-widget-wrap elementor-element-populated\">\n\t\t\t\t\t\t<div class=\"elementor-element elementor-element-72559f8d elementor-align-center elementor-widget elementor-widget-button\" data-id=\"72559f8d\" data-element_type=\"widget\" data-widget_type=\"button.default\">\n\t\t\t\t<div class=\"elementor-widget-container\">\n\t\t\t\t\t\t\t\t\t<div class=\"elementor-button-wrapper\">\n\t\t\t\t\t<a class=\"elementor-button elementor-button-link elementor-size-xs\" href=\"tel:\/\/+34636973022\">\n\t\t\t\t\t\t<span class=\"elementor-button-content-wrapper\">\n\t\t\t\t\t\t\t\t\t<span class=\"elementor-button-text\">Ll\u00e1manos<\/span>\n\t\t\t\t\t<\/span>\n\t\t\t\t\t<\/a>\n\t\t\t\t<\/div>\n\t\t\t\t\t\t\t\t<\/div>\n\t\t\t\t<\/div>\n\t\t\t\t\t<\/div>\n\t\t<\/div>\n\t\t\t\t\t<\/div>\n\t\t<\/section>\n\t\t\t\t\t<\/div>\n\t\t<\/div>\n\t\t\t\t\t<\/div>\n\t\t<\/section>\n\t\t\t\t<\/div>\n\t\t","protected":false},"excerpt":{"rendered":"<p>Cuentos Corrientes con un final Diferente \u00bfTe has preguntado alguna vez c\u00f3mo ser\u00eda si el lobo de los cuentos cl\u00e1sicos tuviera un destino distinto? En &#8220;Cuentos corrientes con un final diferente&#8221;, Teatremociona y Con los pies en el aire te invitan a redescubrir los cuentos de siempre con finales sorprendentes, llenos de humor y lecciones [&hellip;]<\/p>\n","protected":false},"author":1,"featured_media":0,"parent":0,"menu_order":0,"comment_status":"closed","ping_status":"closed","template":"","meta":{"footnotes":""},"class_list":["post-800","page","type-page","status-publish","hentry"],"_links":{"self":[{"href":"https:\/\/susanaromero.com\/index.php?rest_route=\/wp\/v2\/pages\/800","targetHints":{"allow":["GET"]}}],"collection":[{"href":"https:\/\/susanaromero.com\/index.php?rest_route=\/wp\/v2\/pages"}],"about":[{"href":"https:\/\/susanaromero.com\/index.php?rest_route=\/wp\/v2\/types\/page"}],"author":[{"embeddable":true,"href":"https:\/\/susanaromero.com\/index.php?rest_route=\/wp\/v2\/users\/1"}],"replies":[{"embeddable":true,"href":"https:\/\/susanaromero.com\/index.php?rest_route=%2Fwp%2Fv2%2Fcomments&post=800"}],"version-history":[{"count":11,"href":"https:\/\/susanaromero.com\/index.php?rest_route=\/wp\/v2\/pages\/800\/revisions"}],"predecessor-version":[{"id":926,"href":"https:\/\/susanaromero.com\/index.php?rest_route=\/wp\/v2\/pages\/800\/revisions\/926"}],"wp:attachment":[{"href":"https:\/\/susanaromero.com\/index.php?rest_route=%2Fwp%2Fv2%2Fmedia&parent=800"}],"curies":[{"name":"wp","href":"https:\/\/api.w.org\/{rel}","templated":true}]}}