{"id":726,"date":"2024-08-19T01:58:54","date_gmt":"2024-08-19T01:58:54","guid":{"rendered":"http:\/\/susanaromero.com\/?page_id=726"},"modified":"2024-09-04T11:53:10","modified_gmt":"2024-09-04T11:53:10","slug":"cuentos-conscientes","status":"publish","type":"page","link":"https:\/\/susanaromero.com\/?page_id=726","title":{"rendered":"Espect\u00e1culo &#8211; Cuentos Conscientes"},"content":{"rendered":"\t\t<div data-elementor-type=\"wp-page\" data-elementor-id=\"726\" class=\"elementor elementor-726\" data-elementor-post-type=\"page\">\n\t\t\t\t\t\t<section class=\"elementor-section elementor-top-section elementor-element elementor-element-7757421f elementor-section-boxed elementor-section-height-default elementor-section-height-default\" data-id=\"7757421f\" data-element_type=\"section\" data-settings=\"{&quot;background_background&quot;:&quot;classic&quot;}\">\n\t\t\t\t\t\t\t<div class=\"elementor-background-overlay\"><\/div>\n\t\t\t\t\t\t\t<div class=\"elementor-container elementor-column-gap-default\">\n\t\t\t\t\t<div class=\"elementor-column elementor-col-100 elementor-top-column elementor-element elementor-element-3bb704c2\" data-id=\"3bb704c2\" data-element_type=\"column\" data-settings=\"{&quot;background_background&quot;:&quot;classic&quot;}\">\n\t\t\t<div class=\"elementor-widget-wrap elementor-element-populated\">\n\t\t\t\t\t<div class=\"elementor-background-overlay\"><\/div>\n\t\t\t\t\t\t<div class=\"elementor-element elementor-element-855770f elementor-widget elementor-widget-image\" data-id=\"855770f\" data-element_type=\"widget\" data-widget_type=\"image.default\">\n\t\t\t\t<div class=\"elementor-widget-container\">\n\t\t\t\t\t\t\t\t\t\t\t\t\t\t\t<img fetchpriority=\"high\" decoding=\"async\" width=\"800\" height=\"200\" src=\"https:\/\/susanaromero.com\/wp-content\/uploads\/2024\/09\/Todos-nuestros-espectaculos-se-realizan-tanto-en-Castellano-como-en-Valenciano-1024x256.png\" class=\"attachment-large size-large wp-image-914\" alt=\"\" srcset=\"https:\/\/susanaromero.com\/wp-content\/uploads\/2024\/09\/Todos-nuestros-espectaculos-se-realizan-tanto-en-Castellano-como-en-Valenciano-1024x256.png 1024w, https:\/\/susanaromero.com\/wp-content\/uploads\/2024\/09\/Todos-nuestros-espectaculos-se-realizan-tanto-en-Castellano-como-en-Valenciano-300x75.png 300w, https:\/\/susanaromero.com\/wp-content\/uploads\/2024\/09\/Todos-nuestros-espectaculos-se-realizan-tanto-en-Castellano-como-en-Valenciano-768x192.png 768w, https:\/\/susanaromero.com\/wp-content\/uploads\/2024\/09\/Todos-nuestros-espectaculos-se-realizan-tanto-en-Castellano-como-en-Valenciano-600x150.png 600w, https:\/\/susanaromero.com\/wp-content\/uploads\/2024\/09\/Todos-nuestros-espectaculos-se-realizan-tanto-en-Castellano-como-en-Valenciano.png 1200w\" sizes=\"(max-width: 800px) 100vw, 800px\" \/>\t\t\t\t\t\t\t\t\t\t\t\t\t\t\t<\/div>\n\t\t\t\t<\/div>\n\t\t\t\t<div class=\"elementor-element elementor-element-2def1a59 elementor-widget elementor-widget-heading\" data-id=\"2def1a59\" data-element_type=\"widget\" data-widget_type=\"heading.default\">\n\t\t\t\t<div class=\"elementor-widget-container\">\n\t\t\t\t\t<h3 class=\"elementor-heading-title elementor-size-default\">Cuentos Conscientes<\/h3>\t\t\t\t<\/div>\n\t\t\t\t<\/div>\n\t\t\t\t<div class=\"elementor-element elementor-element-ddb768f elementor-widget elementor-widget-heading\" data-id=\"ddb768f\" data-element_type=\"widget\" data-widget_type=\"heading.default\">\n\t\t\t\t<div class=\"elementor-widget-container\">\n\t\t\t\t\t<h2 class=\"elementor-heading-title elementor-size-default\">para Infantes Valientes<\/h2>\t\t\t\t<\/div>\n\t\t\t\t<\/div>\n\t\t\t\t<div class=\"elementor-element elementor-element-71b73e3f elementor-widget elementor-widget-image\" data-id=\"71b73e3f\" data-element_type=\"widget\" data-widget_type=\"image.default\">\n\t\t\t\t<div class=\"elementor-widget-container\">\n\t\t\t\t\t\t\t\t\t\t\t\t\t\t\t<img decoding=\"async\" width=\"315\" height=\"26\" src=\"https:\/\/susanaromero.com\/wp-content\/uploads\/2024\/08\/underline-dot.png\" class=\"attachment-large size-large wp-image-307\" alt=\"\" srcset=\"https:\/\/susanaromero.com\/wp-content\/uploads\/2024\/08\/underline-dot.png 315w, https:\/\/susanaromero.com\/wp-content\/uploads\/2024\/08\/underline-dot-300x26.png 300w\" sizes=\"(max-width: 315px) 100vw, 315px\" \/>\t\t\t\t\t\t\t\t\t\t\t\t\t\t\t<\/div>\n\t\t\t\t<\/div>\n\t\t\t\t<div class=\"elementor-element elementor-element-14b782af elementor-widget elementor-widget-text-editor\" data-id=\"14b782af\" data-element_type=\"widget\" data-widget_type=\"text-editor.default\">\n\t\t\t\t<div class=\"elementor-widget-container\">\n\t\t\t\t\t\t\t\t\t<p><strong>&#8220;Contes conscients per a infants valents&#8221; o \u201cCuentos <\/strong><strong>conscientes para infantes valientes<\/strong>\u201d es un cuentacuentos \u00fanico y especial, dise\u00f1ado espec\u00edficamente para los m\u00e1s peque\u00f1os. Dirigido a ni\u00f1os y ni\u00f1as de Infantil y Primer Ciclo de Primaria, este evento va mucho m\u00e1s all\u00e1 de la simple lectura de cuentos. Se trata de una experiencia interactiva donde los infantes se convierten en los aut\u00e9nticos protagonistas de las historias.<\/p><p><strong>\u00bfQu\u00e9 hace especial este cuentacuentos?<\/strong><br \/>Con la energ\u00eda y creatividad de <strong>Susana Romero<\/strong>, los infantes ser\u00e1n transportados a un mundo lleno de magia a trav\u00e9s de marionetas y teatro vivenciado. No se trata solo de escuchar, sino de participar activamente, lo que convierte este cuentacuentos en una experiencia inolvidable y llena de aprendizaje. Los peque\u00f1os se sumergen en las historias, conectando emocionalmente con los personajes y viviendo en primera persona los valores que transmiten cada uno de los relatos.<\/p><p><strong>Historias que Transforman:<\/strong><br \/>A lo largo del evento, Susana contar\u00e1 cuatro historias maravillosas, muchas de ellas editadas por la Editorial Andana, que tocan temas fundamentales para el desarrollo emocional de los m\u00e1s peques:<\/p><ul><li><strong>Tot es transforma (Todo se transforma):<\/strong> Una historia que ense\u00f1a sobre la importancia del cambio y la evoluci\u00f3n en la vida.<\/li><li><strong>La Poko i el timbal (La Poko y el tambor):<\/strong> Aventura que destaca la amistad y el poder de la m\u00fasica como forma de expresi\u00f3n.<\/li><li><strong>No com tots (No como todos):<\/strong> Un cuento que fomenta la aceptaci\u00f3n de las diferencias y el valor de ser uno mismo.<\/li><li><strong>La fruita \u00e9s meva! (\u00a1Esa fruta es m\u00eda!):<\/strong> Historia divertida que resalta la importancia de compartir y la cooperaci\u00f3n.<\/li><\/ul>\t\t\t\t\t\t\t\t<\/div>\n\t\t\t\t<\/div>\n\t\t\t\t\t<\/div>\n\t\t<\/div>\n\t\t\t\t\t<\/div>\n\t\t<\/section>\n\t\t\t\t<section class=\"elementor-section elementor-top-section elementor-element elementor-element-2b58d499 elementor-section-full_width elementor-section-height-min-height elementor-section-height-default elementor-section-items-middle\" data-id=\"2b58d499\" data-element_type=\"section\">\n\t\t\t\t\t\t<div class=\"elementor-container elementor-column-gap-no\">\n\t\t\t\t\t<div class=\"elementor-column elementor-col-100 elementor-top-column elementor-element elementor-element-2599f41b\" data-id=\"2599f41b\" data-element_type=\"column\">\n\t\t\t<div class=\"elementor-widget-wrap elementor-element-populated\">\n\t\t\t\t\t\t<div class=\"elementor-element elementor-element-7a6ac8a1 elementor-arrows-position-inside elementor-pagination-position-outside elementor-widget elementor-widget-image-carousel\" data-id=\"7a6ac8a1\" data-element_type=\"widget\" data-settings=\"{&quot;slides_to_show&quot;:&quot;6&quot;,&quot;image_spacing_custom&quot;:{&quot;unit&quot;:&quot;px&quot;,&quot;size&quot;:10,&quot;sizes&quot;:[]},&quot;slides_to_show_tablet&quot;:&quot;3&quot;,&quot;navigation&quot;:&quot;both&quot;,&quot;autoplay&quot;:&quot;yes&quot;,&quot;pause_on_hover&quot;:&quot;yes&quot;,&quot;pause_on_interaction&quot;:&quot;yes&quot;,&quot;autoplay_speed&quot;:5000,&quot;infinite&quot;:&quot;yes&quot;,&quot;speed&quot;:500,&quot;image_spacing_custom_tablet&quot;:{&quot;unit&quot;:&quot;px&quot;,&quot;size&quot;:&quot;&quot;,&quot;sizes&quot;:[]},&quot;image_spacing_custom_mobile&quot;:{&quot;unit&quot;:&quot;px&quot;,&quot;size&quot;:&quot;&quot;,&quot;sizes&quot;:[]}}\" data-widget_type=\"image-carousel.default\">\n\t\t\t\t<div class=\"elementor-widget-container\">\n\t\t\t\t\t\t\t<div class=\"elementor-image-carousel-wrapper swiper\" role=\"region\" aria-roledescription=\"carousel\" aria-label=\"Carrusel de im\u00e1genes\" dir=\"ltr\">\n\t\t\t<div class=\"elementor-image-carousel swiper-wrapper\" aria-live=\"off\">\n\t\t\t\t\t\t\t\t<div class=\"swiper-slide\" role=\"group\" aria-roledescription=\"slide\" aria-label=\"1 de 12\"><figure class=\"swiper-slide-inner\"><img decoding=\"async\" class=\"swiper-slide-image\" src=\"https:\/\/susanaromero.com\/wp-content\/uploads\/elementor\/thumbs\/photo_1_2024-09-04_10-22-38-qtlsbu90ao8mbsr5hotkyqk4k6ez3pagj3qwx4sic8.jpg\" alt=\"photo_1_2024-09-04_10-22-38\" \/><\/figure><\/div><div class=\"swiper-slide\" role=\"group\" aria-roledescription=\"slide\" aria-label=\"2 de 12\"><figure class=\"swiper-slide-inner\"><img decoding=\"async\" class=\"swiper-slide-image\" src=\"https:\/\/susanaromero.com\/wp-content\/uploads\/elementor\/thumbs\/photo_4_2024-09-04_10-22-38-qtlsc0tvmihml2hlf9nyy6wcpvijll0kw0bba2ir4o.jpg\" alt=\"photo_4_2024-09-04_10-22-38\" \/><\/figure><\/div><div class=\"swiper-slide\" role=\"group\" aria-roledescription=\"slide\" aria-label=\"3 de 12\"><figure class=\"swiper-slide-inner\"><img decoding=\"async\" class=\"swiper-slide-image\" src=\"https:\/\/susanaromero.com\/wp-content\/uploads\/elementor\/thumbs\/photo_5_2024-09-04_10-22-38-qtlsc2pk06k78aev4ah836f9wn9a0z81k9ma8mfys8.jpg\" alt=\"photo_5_2024-09-04_10-22-38\" \/><\/figure><\/div><div class=\"swiper-slide\" role=\"group\" aria-roledescription=\"slide\" aria-label=\"4 de 12\"><figure class=\"swiper-slide-inner\"><img decoding=\"async\" class=\"swiper-slide-image\" src=\"https:\/\/susanaromero.com\/wp-content\/uploads\/elementor\/thumbs\/photo_6_2024-09-04_10-22-38-qtlsc4l8dumrvic4tbah85y73f00gdfi8ix976d6fs.jpg\" alt=\"photo_6_2024-09-04_10-22-38\" \/><\/figure><\/div><div class=\"swiper-slide\" role=\"group\" aria-roledescription=\"slide\" aria-label=\"5 de 12\"><figure class=\"swiper-slide-inner\"><img decoding=\"async\" class=\"swiper-slide-image\" src=\"https:\/\/susanaromero.com\/wp-content\/uploads\/elementor\/thumbs\/photo_7_2024-09-04_10-22-38-qtlsc6gwripciq9eic3qd5h4a6qqvrmyws885qae3c.jpg\" alt=\"photo_7_2024-09-04_10-22-38\" \/><\/figure><\/div><div class=\"swiper-slide\" role=\"group\" aria-roledescription=\"slide\" aria-label=\"6 de 12\"><figure class=\"swiper-slide-inner\"><img decoding=\"async\" class=\"swiper-slide-image\" src=\"https:\/\/susanaromero.com\/wp-content\/uploads\/elementor\/thumbs\/photo_8_2024-09-04_10-22-38-qtlsc8cl56rx5y6o7cwzi501gyhhb5ufl1j74a7lqw.jpg\" alt=\"photo_8_2024-09-04_10-22-38\" \/><\/figure><\/div><div class=\"swiper-slide\" role=\"group\" aria-roledescription=\"slide\" aria-label=\"7 de 12\"><figure class=\"swiper-slide-inner\"><img decoding=\"async\" class=\"swiper-slide-image\" src=\"https:\/\/susanaromero.com\/wp-content\/uploads\/elementor\/thumbs\/photo_9_2024-09-04_10-22-38-qtlsca89iuuht63xwdq8n4iynq87qk1w9au62u4teg.jpg\" alt=\"photo_9_2024-09-04_10-22-38\" \/><\/figure><\/div><div class=\"swiper-slide\" role=\"group\" aria-roledescription=\"slide\" aria-label=\"8 de 12\"><figure class=\"swiper-slide-inner\"><img decoding=\"async\" class=\"swiper-slide-image\" src=\"https:\/\/susanaromero.com\/wp-content\/uploads\/elementor\/thumbs\/photo_10_2024-09-04_10-22-38-qtlscc3xwix2ge17lejhs41vuhyy5y9cxk551e2120.jpg\" alt=\"photo_10_2024-09-04_10-22-38\" \/><\/figure><\/div><div class=\"swiper-slide\" role=\"group\" aria-roledescription=\"slide\" aria-label=\"9 de 12\"><figure class=\"swiper-slide-inner\"><img decoding=\"async\" class=\"swiper-slide-image\" src=\"https:\/\/susanaromero.com\/wp-content\/uploads\/elementor\/thumbs\/photo_11_2024-09-04_10-22-38-qtlscdzma6zn3lyhafcqx3kt19polcgtltg3zxz8pk.jpg\" alt=\"photo_11_2024-09-04_10-22-38\" \/><\/figure><\/div><div class=\"swiper-slide\" role=\"group\" aria-roledescription=\"slide\" aria-label=\"10 de 12\"><figure class=\"swiper-slide-inner\"><img decoding=\"async\" class=\"swiper-slide-image\" src=\"https:\/\/susanaromero.com\/wp-content\/uploads\/elementor\/thumbs\/photo_12_2024-09-04_10-22-38-qtlscgt4up3i2fudtykmmkv6tfbs8fs0m7ekfrv26w.jpg\" alt=\"photo_12_2024-09-04_10-22-38\" \/><\/figure><\/div><div class=\"swiper-slide\" role=\"group\" aria-roledescription=\"slide\" aria-label=\"11 de 12\"><figure class=\"swiper-slide-inner\"><img decoding=\"async\" class=\"swiper-slide-image\" src=\"https:\/\/susanaromero.com\/wp-content\/uploads\/elementor\/thumbs\/photo_13_2024-09-04_10-22-38-qtlschqz1j4se1t0ogz972mnet75g4vqyc21x1to0o.jpg\" alt=\"photo_13_2024-09-04_10-22-38\" \/><\/figure><\/div><div class=\"swiper-slide\" role=\"group\" aria-roledescription=\"slide\" aria-label=\"12 de 12\"><figure class=\"swiper-slide-inner\"><img decoding=\"async\" class=\"swiper-slide-image\" src=\"https:\/\/susanaromero.com\/wp-content\/uploads\/elementor\/thumbs\/photo_15_2024-09-04_10-22-38-qtlscmg5zpb803m6x10e1jfydqjzimeemzbhbfmp5k.jpg\" alt=\"photo_15_2024-09-04_10-22-38\" \/><\/figure><\/div>\t\t\t<\/div>\n\t\t\t\t\t\t\t\t\t\t\t\t<div class=\"elementor-swiper-button elementor-swiper-button-prev\" role=\"button\" tabindex=\"0\">\n\t\t\t\t\t\t<svg aria-hidden=\"true\" class=\"e-font-icon-svg e-eicon-chevron-left\" viewBox=\"0 0 1000 1000\" xmlns=\"http:\/\/www.w3.org\/2000\/svg\"><path d=\"M646 125C629 125 613 133 604 142L308 442C296 454 292 471 292 487 292 504 296 521 308 533L604 854C617 867 629 875 646 875 663 875 679 871 692 858 704 846 713 829 713 812 713 796 708 779 692 767L438 487 692 225C700 217 708 204 708 187 708 171 704 154 692 142 675 129 663 125 646 125Z\"><\/path><\/svg>\t\t\t\t\t<\/div>\n\t\t\t\t\t<div class=\"elementor-swiper-button elementor-swiper-button-next\" role=\"button\" tabindex=\"0\">\n\t\t\t\t\t\t<svg aria-hidden=\"true\" class=\"e-font-icon-svg e-eicon-chevron-right\" viewBox=\"0 0 1000 1000\" xmlns=\"http:\/\/www.w3.org\/2000\/svg\"><path d=\"M696 533C708 521 713 504 713 487 713 471 708 454 696 446L400 146C388 133 375 125 354 125 338 125 325 129 313 142 300 154 292 171 292 187 292 204 296 221 308 233L563 492 304 771C292 783 288 800 288 817 288 833 296 850 308 863 321 871 338 875 354 875 371 875 388 867 400 854L696 533Z\"><\/path><\/svg>\t\t\t\t\t<\/div>\n\t\t\t\t\n\t\t\t\t\t\t\t\t\t<div class=\"swiper-pagination\"><\/div>\n\t\t\t\t\t\t\t\t\t<\/div>\n\t\t\t\t\t\t<\/div>\n\t\t\t\t<\/div>\n\t\t\t\t\t<\/div>\n\t\t<\/div>\n\t\t\t\t\t<\/div>\n\t\t<\/section>\n\t\t\t\t<section class=\"elementor-section elementor-top-section elementor-element elementor-element-1525d93a elementor-section-boxed elementor-section-height-default elementor-section-height-default\" data-id=\"1525d93a\" data-element_type=\"section\" data-settings=\"{&quot;background_background&quot;:&quot;classic&quot;}\">\n\t\t\t\t\t\t<div class=\"elementor-container elementor-column-gap-default\">\n\t\t\t\t\t<div class=\"elementor-column elementor-col-100 elementor-top-column elementor-element elementor-element-731f0db4\" data-id=\"731f0db4\" data-element_type=\"column\">\n\t\t\t<div class=\"elementor-widget-wrap elementor-element-populated\">\n\t\t\t\t\t\t<section class=\"elementor-section elementor-inner-section elementor-element elementor-element-613fca20 elementor-section-boxed elementor-section-height-default elementor-section-height-default\" data-id=\"613fca20\" data-element_type=\"section\" data-settings=\"{&quot;background_background&quot;:&quot;classic&quot;}\">\n\t\t\t\t\t\t<div class=\"elementor-container elementor-column-gap-default\">\n\t\t\t\t\t<div class=\"elementor-column elementor-col-50 elementor-inner-column elementor-element elementor-element-631ea584\" data-id=\"631ea584\" data-element_type=\"column\">\n\t\t\t<div class=\"elementor-widget-wrap elementor-element-populated\">\n\t\t\t\t\t\t<div class=\"elementor-element elementor-element-430af40a elementor-widget elementor-widget-heading\" data-id=\"430af40a\" data-element_type=\"widget\" data-widget_type=\"heading.default\">\n\t\t\t\t<div class=\"elementor-widget-container\">\n\t\t\t\t\t<h5 class=\"elementor-heading-title elementor-size-default\">Cuentos Conscientes para Infantes Valientes<\/h5>\t\t\t\t<\/div>\n\t\t\t\t<\/div>\n\t\t\t\t<div class=\"elementor-element elementor-element-de816e7 elementor-widget elementor-widget-text-editor\" data-id=\"de816e7\" data-element_type=\"widget\" data-widget_type=\"text-editor.default\">\n\t\t\t\t<div class=\"elementor-widget-container\">\n\t\t\t\t\t\t\t\t\t<p>Este cuentacuentos es la oportunidad perfecta para que los infantes disfruten de una tarde llena de diversi\u00f3n, creatividad y aprendizaje. Cada historia est\u00e1 llena de valores esenciales, como la empat\u00eda, el trabajo en equipo, la aceptaci\u00f3n del cambio y la importancia de ser aut\u00e9ntico. <strong>\u00a1No te pierdas esta experiencia \u00fanica para infantes valientes!<\/strong><\/p>\t\t\t\t\t\t\t\t<\/div>\n\t\t\t\t<\/div>\n\t\t\t\t\t<\/div>\n\t\t<\/div>\n\t\t\t\t<div class=\"elementor-column elementor-col-50 elementor-inner-column elementor-element elementor-element-499b4078\" data-id=\"499b4078\" data-element_type=\"column\">\n\t\t\t<div class=\"elementor-widget-wrap elementor-element-populated\">\n\t\t\t\t\t\t<div class=\"elementor-element elementor-element-4dba319c elementor-align-center elementor-widget elementor-widget-button\" data-id=\"4dba319c\" data-element_type=\"widget\" data-widget_type=\"button.default\">\n\t\t\t\t<div class=\"elementor-widget-container\">\n\t\t\t\t\t\t\t\t\t<div class=\"elementor-button-wrapper\">\n\t\t\t\t\t<a class=\"elementor-button elementor-button-link elementor-size-xs\" href=\"tel:\/\/+34636973022\">\n\t\t\t\t\t\t<span class=\"elementor-button-content-wrapper\">\n\t\t\t\t\t\t\t\t\t<span class=\"elementor-button-text\">Ll\u00e1manos<\/span>\n\t\t\t\t\t<\/span>\n\t\t\t\t\t<\/a>\n\t\t\t\t<\/div>\n\t\t\t\t\t\t\t\t<\/div>\n\t\t\t\t<\/div>\n\t\t\t\t\t<\/div>\n\t\t<\/div>\n\t\t\t\t\t<\/div>\n\t\t<\/section>\n\t\t\t\t\t<\/div>\n\t\t<\/div>\n\t\t\t\t\t<\/div>\n\t\t<\/section>\n\t\t\t\t<\/div>\n\t\t","protected":false},"excerpt":{"rendered":"<p>Cuentos Conscientes para Infantes Valientes &#8220;Contes conscients per a infants valents&#8221; o \u201cCuentos conscientes para infantes valientes\u201d es un cuentacuentos \u00fanico y especial, dise\u00f1ado espec\u00edficamente para los m\u00e1s peque\u00f1os. Dirigido a ni\u00f1os y ni\u00f1as de Infantil y Primer Ciclo de Primaria, este evento va mucho m\u00e1s all\u00e1 de la simple lectura de cuentos. Se trata [&hellip;]<\/p>\n","protected":false},"author":1,"featured_media":0,"parent":0,"menu_order":0,"comment_status":"closed","ping_status":"closed","template":"","meta":{"footnotes":""},"class_list":["post-726","page","type-page","status-publish","hentry"],"_links":{"self":[{"href":"https:\/\/susanaromero.com\/index.php?rest_route=\/wp\/v2\/pages\/726","targetHints":{"allow":["GET"]}}],"collection":[{"href":"https:\/\/susanaromero.com\/index.php?rest_route=\/wp\/v2\/pages"}],"about":[{"href":"https:\/\/susanaromero.com\/index.php?rest_route=\/wp\/v2\/types\/page"}],"author":[{"embeddable":true,"href":"https:\/\/susanaromero.com\/index.php?rest_route=\/wp\/v2\/users\/1"}],"replies":[{"embeddable":true,"href":"https:\/\/susanaromero.com\/index.php?rest_route=%2Fwp%2Fv2%2Fcomments&post=726"}],"version-history":[{"count":23,"href":"https:\/\/susanaromero.com\/index.php?rest_route=\/wp\/v2\/pages\/726\/revisions"}],"predecessor-version":[{"id":923,"href":"https:\/\/susanaromero.com\/index.php?rest_route=\/wp\/v2\/pages\/726\/revisions\/923"}],"wp:attachment":[{"href":"https:\/\/susanaromero.com\/index.php?rest_route=%2Fwp%2Fv2%2Fmedia&parent=726"}],"curies":[{"name":"wp","href":"https:\/\/api.w.org\/{rel}","templated":true}]}}