{"id":50,"date":"2022-02-11T09:19:51","date_gmt":"2022-02-11T09:19:51","guid":{"rendered":"http:\/\/susanaromero.com\/?page_id=50"},"modified":"2024-09-04T11:06:25","modified_gmt":"2024-09-04T11:06:25","slug":"sobre-susana-romero-juan","status":"publish","type":"page","link":"https:\/\/susanaromero.com\/?page_id=50","title":{"rendered":"Susana Romero"},"content":{"rendered":"\t\t<div data-elementor-type=\"wp-page\" data-elementor-id=\"50\" class=\"elementor elementor-50\" data-elementor-post-type=\"page\">\n\t\t\t\t\t\t<section class=\"elementor-section elementor-top-section elementor-element elementor-element-5575a8fb elementor-reverse-mobile elementor-section-boxed elementor-section-height-default elementor-section-height-default\" data-id=\"5575a8fb\" data-element_type=\"section\" data-settings=\"{&quot;background_background&quot;:&quot;classic&quot;}\">\n\t\t\t\t\t\t<div class=\"elementor-container elementor-column-gap-default\">\n\t\t\t\t\t<div class=\"elementor-column elementor-col-50 elementor-top-column elementor-element elementor-element-5734118a\" data-id=\"5734118a\" data-element_type=\"column\" data-settings=\"{&quot;background_background&quot;:&quot;classic&quot;}\">\n\t\t\t<div class=\"elementor-widget-wrap elementor-element-populated\">\n\t\t\t\t\t<div class=\"elementor-background-overlay\"><\/div>\n\t\t\t\t\t\t<div class=\"elementor-element elementor-element-27c97a20 elementor-widget__width-auto elementor-absolute elementor-hidden-tablet elementor-hidden-mobile elementor-widget elementor-widget-image\" data-id=\"27c97a20\" data-element_type=\"widget\" data-settings=\"{&quot;_position&quot;:&quot;absolute&quot;}\" data-widget_type=\"image.default\">\n\t\t\t\t<div class=\"elementor-widget-container\">\n\t\t\t\t\t\t\t\t\t\t\t\t\t\t\t<img fetchpriority=\"high\" decoding=\"async\" width=\"1105\" height=\"968\" src=\"https:\/\/susanaromero.com\/wp-content\/uploads\/2024\/08\/lady-reading.png\" class=\"attachment-full size-full wp-image-400\" alt=\"\" srcset=\"https:\/\/susanaromero.com\/wp-content\/uploads\/2024\/08\/lady-reading.png 1105w, https:\/\/susanaromero.com\/wp-content\/uploads\/2024\/08\/lady-reading-300x263.png 300w, https:\/\/susanaromero.com\/wp-content\/uploads\/2024\/08\/lady-reading-1024x897.png 1024w, https:\/\/susanaromero.com\/wp-content\/uploads\/2024\/08\/lady-reading-768x673.png 768w, https:\/\/susanaromero.com\/wp-content\/uploads\/2024\/08\/lady-reading-600x526.png 600w\" sizes=\"(max-width: 1105px) 100vw, 1105px\" \/>\t\t\t\t\t\t\t\t\t\t\t\t\t\t\t<\/div>\n\t\t\t\t<\/div>\n\t\t\t\t<div class=\"elementor-element elementor-element-3c1e0083 elementor-widget__width-auto elementor-absolute elementor-hidden-tablet elementor-hidden-mobile elementor-widget elementor-widget-image\" data-id=\"3c1e0083\" data-element_type=\"widget\" data-settings=\"{&quot;_position&quot;:&quot;absolute&quot;}\" data-widget_type=\"image.default\">\n\t\t\t\t<div class=\"elementor-widget-container\">\n\t\t\t\t\t\t\t\t\t\t\t\t\t\t\t<img decoding=\"async\" width=\"800\" height=\"405\" src=\"https:\/\/susanaromero.com\/wp-content\/uploads\/2024\/08\/sun-rainbow-1024x519.png\" class=\"attachment-large size-large wp-image-401\" alt=\"\" srcset=\"https:\/\/susanaromero.com\/wp-content\/uploads\/2024\/08\/sun-rainbow-1024x519.png 1024w, https:\/\/susanaromero.com\/wp-content\/uploads\/2024\/08\/sun-rainbow-300x152.png 300w, https:\/\/susanaromero.com\/wp-content\/uploads\/2024\/08\/sun-rainbow-768x389.png 768w, https:\/\/susanaromero.com\/wp-content\/uploads\/2024\/08\/sun-rainbow-600x304.png 600w, https:\/\/susanaromero.com\/wp-content\/uploads\/2024\/08\/sun-rainbow.png 1212w\" sizes=\"(max-width: 800px) 100vw, 800px\" \/>\t\t\t\t\t\t\t\t\t\t\t\t\t\t\t<\/div>\n\t\t\t\t<\/div>\n\t\t\t\t<div class=\"elementor-element elementor-element-a9800bd elementor-widget elementor-widget-image\" data-id=\"a9800bd\" data-element_type=\"widget\" data-widget_type=\"image.default\">\n\t\t\t\t<div class=\"elementor-widget-container\">\n\t\t\t\t\t\t\t\t\t\t\t\t\t\t\t<img decoding=\"async\" width=\"800\" height=\"897\" src=\"https:\/\/susanaromero.com\/wp-content\/uploads\/2024\/08\/photo-mask-white3-913x1024.png\" class=\"attachment-large size-large wp-image-558\" alt=\"\" srcset=\"https:\/\/susanaromero.com\/wp-content\/uploads\/2024\/08\/photo-mask-white3-913x1024.png 913w, https:\/\/susanaromero.com\/wp-content\/uploads\/2024\/08\/photo-mask-white3-268x300.png 268w, https:\/\/susanaromero.com\/wp-content\/uploads\/2024\/08\/photo-mask-white3-768x861.png 768w, https:\/\/susanaromero.com\/wp-content\/uploads\/2024\/08\/photo-mask-white3-600x673.png 600w, https:\/\/susanaromero.com\/wp-content\/uploads\/2024\/08\/photo-mask-white3.png 1121w\" sizes=\"(max-width: 800px) 100vw, 800px\" \/>\t\t\t\t\t\t\t\t\t\t\t\t\t\t\t<\/div>\n\t\t\t\t<\/div>\n\t\t\t\t\t<\/div>\n\t\t<\/div>\n\t\t\t\t<div class=\"elementor-column elementor-col-50 elementor-top-column elementor-element elementor-element-896e2c4\" data-id=\"896e2c4\" data-element_type=\"column\">\n\t\t\t<div class=\"elementor-widget-wrap elementor-element-populated\">\n\t\t\t\t\t\t<div class=\"elementor-element elementor-element-19d210f9 elementor-widget elementor-widget-heading\" data-id=\"19d210f9\" data-element_type=\"widget\" data-widget_type=\"heading.default\">\n\t\t\t\t<div class=\"elementor-widget-container\">\n\t\t\t\t\t<h3 class=\"elementor-heading-title elementor-size-default\">Mi nombre es <\/h3>\t\t\t\t<\/div>\n\t\t\t\t<\/div>\n\t\t\t\t<div class=\"elementor-element elementor-element-5d0160cd elementor-widget elementor-widget-heading\" data-id=\"5d0160cd\" data-element_type=\"widget\" data-widget_type=\"heading.default\">\n\t\t\t\t<div class=\"elementor-widget-container\">\n\t\t\t\t\t<h2 class=\"elementor-heading-title elementor-size-default\">Susana Romero<\/h2>\t\t\t\t<\/div>\n\t\t\t\t<\/div>\n\t\t\t\t<div class=\"elementor-element elementor-element-1885497f elementor-widget elementor-widget-image\" data-id=\"1885497f\" data-element_type=\"widget\" data-widget_type=\"image.default\">\n\t\t\t\t<div class=\"elementor-widget-container\">\n\t\t\t\t\t\t\t\t\t\t\t\t\t\t\t<img loading=\"lazy\" decoding=\"async\" width=\"315\" height=\"26\" src=\"https:\/\/susanaromero.com\/wp-content\/uploads\/2024\/08\/underline-dot.png\" class=\"attachment-large size-large wp-image-307\" alt=\"\" srcset=\"https:\/\/susanaromero.com\/wp-content\/uploads\/2024\/08\/underline-dot.png 315w, https:\/\/susanaromero.com\/wp-content\/uploads\/2024\/08\/underline-dot-300x26.png 300w\" sizes=\"(max-width: 315px) 100vw, 315px\" \/>\t\t\t\t\t\t\t\t\t\t\t\t\t\t\t<\/div>\n\t\t\t\t<\/div>\n\t\t\t\t<div class=\"elementor-element elementor-element-6679060 elementor-widget elementor-widget-text-editor\" data-id=\"6679060\" data-element_type=\"widget\" data-widget_type=\"text-editor.default\">\n\t\t\t\t<div class=\"elementor-widget-container\">\n\t\t\t\t\t\t\t\t\t<p>Nac\u00ed un 8 de marzo en la hermosa Alicante, y a lo largo de los a\u00f1os he seguido el camino que mi coraz\u00f3n me ha dictado: ser madre, maestra, y creadora. La educaci\u00f3n y el arte han sido siempre mis grandes pasiones, y es en la intersecci\u00f3n de ambas donde he encontrado mi verdadera vocaci\u00f3n.<\/p><p>Como maestra de Educaci\u00f3n F\u00edsica, disfruto cada d\u00eda en las aulas, pero mi alma tambi\u00e9n anhela esos dos meses al a\u00f1o en los que, junto a mi equipo de &#8220;Teatremociona&#8221;, recorro colegios y ayuntamientos compartiendo historias que no solo entretienen, sino que tambi\u00e9n tocan el coraz\u00f3n y dejan una huella en el alma de los m\u00e1s peques.<\/p>\t\t\t\t\t\t\t\t<\/div>\n\t\t\t\t<\/div>\n\t\t\t\t\t<\/div>\n\t\t<\/div>\n\t\t\t\t\t<\/div>\n\t\t<\/section>\n\t\t\t\t<section class=\"elementor-section elementor-top-section elementor-element elementor-element-2b83d38c elementor-section-boxed elementor-section-height-default elementor-section-height-default\" data-id=\"2b83d38c\" data-element_type=\"section\" data-settings=\"{&quot;background_background&quot;:&quot;classic&quot;}\">\n\t\t\t\t\t\t\t<div class=\"elementor-background-overlay\"><\/div>\n\t\t\t\t\t\t\t<div class=\"elementor-container elementor-column-gap-default\">\n\t\t\t\t\t<div class=\"elementor-column elementor-col-100 elementor-top-column elementor-element elementor-element-7a0a69c2\" data-id=\"7a0a69c2\" data-element_type=\"column\">\n\t\t\t<div class=\"elementor-widget-wrap elementor-element-populated\">\n\t\t\t\t\t\t<section class=\"elementor-section elementor-inner-section elementor-element elementor-element-36e11c0d elementor-section-boxed elementor-section-height-default elementor-section-height-default\" data-id=\"36e11c0d\" data-element_type=\"section\">\n\t\t\t\t\t\t<div class=\"elementor-container elementor-column-gap-default\">\n\t\t\t\t\t<div class=\"elementor-column elementor-col-33 elementor-inner-column elementor-element elementor-element-119e0f77\" data-id=\"119e0f77\" data-element_type=\"column\" data-settings=\"{&quot;background_background&quot;:&quot;classic&quot;}\">\n\t\t\t<div class=\"elementor-widget-wrap elementor-element-populated\">\n\t\t\t\t\t\t<div class=\"elementor-element elementor-element-561862df elementor-widget elementor-widget-spacer\" data-id=\"561862df\" data-element_type=\"widget\" data-widget_type=\"spacer.default\">\n\t\t\t\t<div class=\"elementor-widget-container\">\n\t\t\t\t\t\t\t<div class=\"elementor-spacer\">\n\t\t\t<div class=\"elementor-spacer-inner\"><\/div>\n\t\t<\/div>\n\t\t\t\t\t\t<\/div>\n\t\t\t\t<\/div>\n\t\t\t\t\t<\/div>\n\t\t<\/div>\n\t\t\t\t<div class=\"elementor-column elementor-col-66 elementor-inner-column elementor-element elementor-element-6e1d0d0d\" data-id=\"6e1d0d0d\" data-element_type=\"column\" data-settings=\"{&quot;background_background&quot;:&quot;classic&quot;}\">\n\t\t\t<div class=\"elementor-widget-wrap elementor-element-populated\">\n\t\t\t\t\t\t<div class=\"elementor-element elementor-element-25988d8f elementor-widget elementor-widget-text-editor\" data-id=\"25988d8f\" data-element_type=\"widget\" data-widget_type=\"text-editor.default\">\n\t\t\t\t<div class=\"elementor-widget-container\">\n\t\t\t\t\t\t\t\t\t<p>Mi infancia transcurri\u00f3 en Petrer, un pueblo lleno de encanto en el interior de Alicante, donde las historias y los cuentos narrados por mis abuelas encendieron en m\u00ed una chispa que nunca se apag\u00f3. Esa chispa me llev\u00f3 a escribir y contar mis propias historias, primero en grupos de narraci\u00f3n y luego en peque\u00f1os teatros y caf\u00e9s, hasta que la vida me llev\u00f3 a vivir un a\u00f1o en Ibiza, donde escrib\u00ed mi primer mon\u00f3logo. Esa experiencia, como muchas otras, me mostr\u00f3 que los cuentos y el teatro no son solo una forma de expresi\u00f3n, sino tambi\u00e9n una herramienta poderosa para conectar con los dem\u00e1s y con uno mismo.<\/p>\t\t\t\t\t\t\t\t<\/div>\n\t\t\t\t<\/div>\n\t\t\t\t\t<\/div>\n\t\t<\/div>\n\t\t\t\t\t<\/div>\n\t\t<\/section>\n\t\t\t\t<section class=\"elementor-section elementor-inner-section elementor-element elementor-element-216e3e51 elementor-reverse-mobile elementor-section-boxed elementor-section-height-default elementor-section-height-default\" data-id=\"216e3e51\" data-element_type=\"section\">\n\t\t\t\t\t\t<div class=\"elementor-container elementor-column-gap-default\">\n\t\t\t\t\t<div class=\"elementor-column elementor-col-66 elementor-inner-column elementor-element elementor-element-f3289e3\" data-id=\"f3289e3\" data-element_type=\"column\" data-settings=\"{&quot;background_background&quot;:&quot;classic&quot;}\">\n\t\t\t<div class=\"elementor-widget-wrap elementor-element-populated\">\n\t\t\t\t\t\t<div class=\"elementor-element elementor-element-3cdc59a7 elementor-widget elementor-widget-text-editor\" data-id=\"3cdc59a7\" data-element_type=\"widget\" data-widget_type=\"text-editor.default\">\n\t\t\t\t<div class=\"elementor-widget-container\">\n\t\t\t\t\t\t\t\t\t<p>El Campello, mi hogar desde hace m\u00e1s de 18 a\u00f1os, me ha dado el escenario perfecto para seguir explorando esa pasi\u00f3n. Aqu\u00ed he creado obras para infantes, he aprendido y crecido junto a otros artistas, y he participado en proyectos que han marcado mi vida. Mi amor por los peques, el teatro y la educaci\u00f3n culmin\u00f3 en la creaci\u00f3n de mis dos libros: <strong>\u201cEl lado oscuro de Pap\u00e1 Noel\u201d<\/strong> y <strong>\u201cTodo se transforma\u201d<\/strong>, obras que nacieron del deseo profundo de ayudar a los infantes a entender el mundo que los rodea y a enfrentarse a sus propios desaf\u00edos con valor y creatividad.<\/p>\t\t\t\t\t\t\t\t<\/div>\n\t\t\t\t<\/div>\n\t\t\t\t\t<\/div>\n\t\t<\/div>\n\t\t\t\t<div class=\"elementor-column elementor-col-33 elementor-inner-column elementor-element elementor-element-6b8e83d\" data-id=\"6b8e83d\" data-element_type=\"column\" data-settings=\"{&quot;background_background&quot;:&quot;classic&quot;}\">\n\t\t\t<div class=\"elementor-widget-wrap elementor-element-populated\">\n\t\t\t\t\t\t<div class=\"elementor-element elementor-element-372453de elementor-widget elementor-widget-spacer\" data-id=\"372453de\" data-element_type=\"widget\" data-widget_type=\"spacer.default\">\n\t\t\t\t<div class=\"elementor-widget-container\">\n\t\t\t\t\t\t\t<div class=\"elementor-spacer\">\n\t\t\t<div class=\"elementor-spacer-inner\"><\/div>\n\t\t<\/div>\n\t\t\t\t\t\t<\/div>\n\t\t\t\t<\/div>\n\t\t\t\t\t<\/div>\n\t\t<\/div>\n\t\t\t\t\t<\/div>\n\t\t<\/section>\n\t\t\t\t<section class=\"elementor-section elementor-inner-section elementor-element elementor-element-bfa2474 elementor-section-boxed elementor-section-height-default elementor-section-height-default\" data-id=\"bfa2474\" data-element_type=\"section\">\n\t\t\t\t\t\t<div class=\"elementor-container elementor-column-gap-default\">\n\t\t\t\t\t<div class=\"elementor-column elementor-col-33 elementor-inner-column elementor-element elementor-element-4e12865f\" data-id=\"4e12865f\" data-element_type=\"column\" data-settings=\"{&quot;background_background&quot;:&quot;classic&quot;}\">\n\t\t\t<div class=\"elementor-widget-wrap elementor-element-populated\">\n\t\t\t\t\t\t<div class=\"elementor-element elementor-element-3c23ffb4 elementor-widget elementor-widget-spacer\" data-id=\"3c23ffb4\" data-element_type=\"widget\" data-widget_type=\"spacer.default\">\n\t\t\t\t<div class=\"elementor-widget-container\">\n\t\t\t\t\t\t\t<div class=\"elementor-spacer\">\n\t\t\t<div class=\"elementor-spacer-inner\"><\/div>\n\t\t<\/div>\n\t\t\t\t\t\t<\/div>\n\t\t\t\t<\/div>\n\t\t\t\t\t<\/div>\n\t\t<\/div>\n\t\t\t\t<div class=\"elementor-column elementor-col-66 elementor-inner-column elementor-element elementor-element-5bbbca70\" data-id=\"5bbbca70\" data-element_type=\"column\" data-settings=\"{&quot;background_background&quot;:&quot;classic&quot;}\">\n\t\t\t<div class=\"elementor-widget-wrap elementor-element-populated\">\n\t\t\t\t\t\t<div class=\"elementor-element elementor-element-21c94b8b elementor-widget elementor-widget-text-editor\" data-id=\"21c94b8b\" data-element_type=\"widget\" data-widget_type=\"text-editor.default\">\n\t\t\t\t<div class=\"elementor-widget-container\">\n\t\t\t\t\t\t\t\t\t<p>Hoy, sigo llevando esas historias a las aulas, con la esperanza de que cada ni\u00f1o y ni\u00f1a que las escuche sienta un poco de la magia que yo sent\u00ed al escribirlas. Porque al final, lo que m\u00e1s me importa es que, a trav\u00e9s de mis cuentos, los infantes puedan encontrar en s\u00ed mismos la fuerza para transformar sus vidas, tal como Lula, la peque\u00f1a oruga de \u201cTodo se transforma\u201d, encontr\u00f3 su propio vuelo.<\/p>\t\t\t\t\t\t\t\t<\/div>\n\t\t\t\t<\/div>\n\t\t\t\t\t<\/div>\n\t\t<\/div>\n\t\t\t\t\t<\/div>\n\t\t<\/section>\n\t\t\t\t\t<\/div>\n\t\t<\/div>\n\t\t\t\t\t<\/div>\n\t\t<\/section>\n\t\t\t\t<section class=\"elementor-section elementor-top-section elementor-element elementor-element-3910ef22 elementor-section-full_width elementor-section-height-default elementor-section-height-default\" data-id=\"3910ef22\" data-element_type=\"section\">\n\t\t\t\t\t\t<div class=\"elementor-container elementor-column-gap-no\">\n\t\t\t\t\t<div class=\"elementor-column elementor-col-100 elementor-top-column elementor-element elementor-element-41b3baa1\" data-id=\"41b3baa1\" data-element_type=\"column\">\n\t\t\t<div class=\"elementor-widget-wrap elementor-element-populated\">\n\t\t\t\t\t\t<div class=\"elementor-element elementor-element-4858fcb0 elementor-arrows-position-outside elementor-pagination-position-outside elementor-widget elementor-widget-image-carousel\" data-id=\"4858fcb0\" data-element_type=\"widget\" data-settings=\"{&quot;slides_to_show&quot;:&quot;5&quot;,&quot;image_spacing_custom&quot;:{&quot;unit&quot;:&quot;px&quot;,&quot;size&quot;:10,&quot;sizes&quot;:[]},&quot;slides_to_show_tablet&quot;:&quot;3&quot;,&quot;navigation&quot;:&quot;both&quot;,&quot;autoplay&quot;:&quot;yes&quot;,&quot;pause_on_hover&quot;:&quot;yes&quot;,&quot;pause_on_interaction&quot;:&quot;yes&quot;,&quot;autoplay_speed&quot;:5000,&quot;infinite&quot;:&quot;yes&quot;,&quot;speed&quot;:500,&quot;image_spacing_custom_tablet&quot;:{&quot;unit&quot;:&quot;px&quot;,&quot;size&quot;:&quot;&quot;,&quot;sizes&quot;:[]},&quot;image_spacing_custom_mobile&quot;:{&quot;unit&quot;:&quot;px&quot;,&quot;size&quot;:&quot;&quot;,&quot;sizes&quot;:[]}}\" data-widget_type=\"image-carousel.default\">\n\t\t\t\t<div class=\"elementor-widget-container\">\n\t\t\t\t\t\t\t<div class=\"elementor-image-carousel-wrapper swiper\" role=\"region\" aria-roledescription=\"carousel\" aria-label=\"Carrusel de im\u00e1genes\" dir=\"ltr\">\n\t\t\t<div class=\"elementor-image-carousel swiper-wrapper\" aria-live=\"off\">\n\t\t\t\t\t\t\t\t<div class=\"swiper-slide\" role=\"group\" aria-roledescription=\"slide\" aria-label=\"1 de 10\"><figure class=\"swiper-slide-inner\"><img decoding=\"async\" class=\"swiper-slide-image\" src=\"https:\/\/susanaromero.com\/wp-content\/uploads\/elementor\/thumbs\/DSC_0603-1-scaled-qsmcg21wrr39rn8cuf8twgoe4abuo9am5vuiasaz14.jpg\" alt=\"DSC_0603\" \/><\/figure><\/div><div class=\"swiper-slide\" role=\"group\" aria-roledescription=\"slide\" aria-label=\"2 de 10\"><figure class=\"swiper-slide-inner\"><img decoding=\"async\" class=\"swiper-slide-image\" src=\"https:\/\/susanaromero.com\/wp-content\/uploads\/elementor\/thumbs\/DSC_0668-scaled-qsmcg9kmafdkcixfmihuges2vdasdu4gux2e4zztnc.jpg\" alt=\"DSC_0668\" \/><\/figure><\/div><div class=\"swiper-slide\" role=\"group\" aria-roledescription=\"slide\" aria-label=\"3 de 10\"><figure class=\"swiper-slide-inner\"><img decoding=\"async\" class=\"swiper-slide-image\" src=\"https:\/\/susanaromero.com\/wp-content\/uploads\/elementor\/thumbs\/IMG_20220401_121704-scaled-qsmcglsir9uajgfon5rzutp2ldmk5wgz8ljpdlhpeg.jpg\" alt=\"IMG_20220401_121704\" \/><\/figure><\/div><div class=\"swiper-slide\" role=\"group\" aria-roledescription=\"slide\" aria-label=\"4 de 10\"><figure class=\"swiper-slide-inner\"><img decoding=\"async\" class=\"swiper-slide-image\" src=\"https:\/\/susanaromero.com\/wp-content\/uploads\/elementor\/thumbs\/IMG-20220408-WA0015-qsmcgsde343asq64kqmdua1ar2q4ns73li43qj7y6w.jpg\" alt=\"IMG-20220408-WA0015\" \/><\/figure><\/div><div class=\"swiper-slide\" role=\"group\" aria-roledescription=\"slide\" aria-label=\"5 de 10\"><figure class=\"swiper-slide-inner\"><img decoding=\"async\" class=\"swiper-slide-image\" src=\"https:\/\/susanaromero.com\/wp-content\/uploads\/elementor\/thumbs\/771A6429-scaled-qsmch1rrzgg60tsh1uonj7nwoxfssr8eysmyjau0go.jpg\" alt=\"771A6429\" \/><\/figure><\/div><div class=\"swiper-slide\" role=\"group\" aria-roledescription=\"slide\" aria-label=\"6 de 10\"><figure class=\"swiper-slide-inner\"><img decoding=\"async\" class=\"swiper-slide-image\" src=\"https:\/\/susanaromero.com\/wp-content\/uploads\/elementor\/thumbs\/771A6448-scaled-qsmchjmplb4m5f2j5kekcl5nz8zrv07bd916nk3j6g.jpg\" alt=\"771A6448\" \/><\/figure><\/div><div class=\"swiper-slide\" role=\"group\" aria-roledescription=\"slide\" aria-label=\"7 de 10\"><figure class=\"swiper-slide-inner\"><img decoding=\"async\" class=\"swiper-slide-image\" src=\"https:\/\/susanaromero.com\/wp-content\/uploads\/elementor\/thumbs\/21-scaled-qsmci2fhdzuclmb83sj3qgevuyf44y9y3u2w93bnq0.jpg\" alt=\"21\" \/><\/figure><\/div><div class=\"swiper-slide\" role=\"group\" aria-roledescription=\"slide\" aria-label=\"8 de 10\"><figure class=\"swiper-slide-inner\"><img decoding=\"async\" class=\"swiper-slide-image\" src=\"https:\/\/susanaromero.com\/wp-content\/uploads\/elementor\/thumbs\/DSC_0081-scaled-qsmcijckt0hielmnczudzc56jw3pzi5465tmw2mkm0.jpg\" alt=\"DSC_0081\" \/><\/figure><\/div><div class=\"swiper-slide\" role=\"group\" aria-roledescription=\"slide\" aria-label=\"9 de 10\"><figure class=\"swiper-slide-inner\"><img decoding=\"async\" class=\"swiper-slide-image\" src=\"https:\/\/susanaromero.com\/wp-content\/uploads\/elementor\/thumbs\/IMG-20220408-WA0014-qsm5xemcnnvdg22q1hsny6cvigw64eqw8gxud282c8.jpg\" alt=\"IMG-20220408-WA0014\" \/><\/figure><\/div><div class=\"swiper-slide\" role=\"group\" aria-roledescription=\"slide\" aria-label=\"10 de 10\"><figure class=\"swiper-slide-inner\"><img decoding=\"async\" class=\"swiper-slide-image\" src=\"https:\/\/susanaromero.com\/wp-content\/uploads\/elementor\/thumbs\/IMG-20220405-WA0023-qsm5r7ulnxef0h2b6bi318kmq5e6g56idubrmhedaw.jpg\" alt=\"IMG-20220405-WA0023\" \/><\/figure><\/div>\t\t\t<\/div>\n\t\t\t\t\t\t\t\t\t\t\t\t<div class=\"elementor-swiper-button elementor-swiper-button-prev\" role=\"button\" tabindex=\"0\">\n\t\t\t\t\t\t<svg aria-hidden=\"true\" class=\"e-font-icon-svg e-eicon-chevron-left\" viewBox=\"0 0 1000 1000\" xmlns=\"http:\/\/www.w3.org\/2000\/svg\"><path d=\"M646 125C629 125 613 133 604 142L308 442C296 454 292 471 292 487 292 504 296 521 308 533L604 854C617 867 629 875 646 875 663 875 679 871 692 858 704 846 713 829 713 812 713 796 708 779 692 767L438 487 692 225C700 217 708 204 708 187 708 171 704 154 692 142 675 129 663 125 646 125Z\"><\/path><\/svg>\t\t\t\t\t<\/div>\n\t\t\t\t\t<div class=\"elementor-swiper-button elementor-swiper-button-next\" role=\"button\" tabindex=\"0\">\n\t\t\t\t\t\t<svg aria-hidden=\"true\" class=\"e-font-icon-svg e-eicon-chevron-right\" viewBox=\"0 0 1000 1000\" xmlns=\"http:\/\/www.w3.org\/2000\/svg\"><path d=\"M696 533C708 521 713 504 713 487 713 471 708 454 696 446L400 146C388 133 375 125 354 125 338 125 325 129 313 142 300 154 292 171 292 187 292 204 296 221 308 233L563 492 304 771C292 783 288 800 288 817 288 833 296 850 308 863 321 871 338 875 354 875 371 875 388 867 400 854L696 533Z\"><\/path><\/svg>\t\t\t\t\t<\/div>\n\t\t\t\t\n\t\t\t\t\t\t\t\t\t<div class=\"swiper-pagination\"><\/div>\n\t\t\t\t\t\t\t\t\t<\/div>\n\t\t\t\t\t\t<\/div>\n\t\t\t\t<\/div>\n\t\t\t\t\t<\/div>\n\t\t<\/div>\n\t\t\t\t\t<\/div>\n\t\t<\/section>\n\t\t\t\t<\/div>\n\t\t","protected":false},"excerpt":{"rendered":"<p>Mi nombre es Susana Romero Nac\u00ed un 8 de marzo en la hermosa Alicante, y a lo largo de los a\u00f1os he seguido el camino que mi coraz\u00f3n me ha dictado: ser madre, maestra, y creadora. La educaci\u00f3n y el arte han sido siempre mis grandes pasiones, y es en la intersecci\u00f3n de ambas donde [&hellip;]<\/p>\n","protected":false},"author":1,"featured_media":0,"parent":0,"menu_order":0,"comment_status":"closed","ping_status":"closed","template":"","meta":{"footnotes":""},"class_list":["post-50","page","type-page","status-publish","hentry"],"_links":{"self":[{"href":"https:\/\/susanaromero.com\/index.php?rest_route=\/wp\/v2\/pages\/50","targetHints":{"allow":["GET"]}}],"collection":[{"href":"https:\/\/susanaromero.com\/index.php?rest_route=\/wp\/v2\/pages"}],"about":[{"href":"https:\/\/susanaromero.com\/index.php?rest_route=\/wp\/v2\/types\/page"}],"author":[{"embeddable":true,"href":"https:\/\/susanaromero.com\/index.php?rest_route=\/wp\/v2\/users\/1"}],"replies":[{"embeddable":true,"href":"https:\/\/susanaromero.com\/index.php?rest_route=%2Fwp%2Fv2%2Fcomments&post=50"}],"version-history":[{"count":39,"href":"https:\/\/susanaromero.com\/index.php?rest_route=\/wp\/v2\/pages\/50\/revisions"}],"predecessor-version":[{"id":894,"href":"https:\/\/susanaromero.com\/index.php?rest_route=\/wp\/v2\/pages\/50\/revisions\/894"}],"wp:attachment":[{"href":"https:\/\/susanaromero.com\/index.php?rest_route=%2Fwp%2Fv2%2Fmedia&parent=50"}],"curies":[{"name":"wp","href":"https:\/\/api.w.org\/{rel}","templated":true}]}}