{"id":33,"date":"2022-02-09T09:53:10","date_gmt":"2022-02-09T09:53:10","guid":{"rendered":"http:\/\/susanaromero.com\/?page_id=33"},"modified":"2024-08-15T01:01:50","modified_gmt":"2024-08-15T01:01:50","slug":"ley-de-servicios","status":"publish","type":"page","link":"https:\/\/susanaromero.com\/?page_id=33","title":{"rendered":"P\u00e1ginas Legales"},"content":{"rendered":"\t\t<div data-elementor-type=\"wp-page\" data-elementor-id=\"33\" class=\"elementor elementor-33\" data-elementor-post-type=\"page\">\n\t\t\t\t<div class=\"elementor-element elementor-element-31a2ba7a e-flex e-con-boxed e-con e-parent\" data-id=\"31a2ba7a\" data-element_type=\"container\">\n\t\t\t\t\t<div class=\"e-con-inner\">\n\t\t\t\t<div class=\"elementor-element elementor-element-669f628d elementor-widget elementor-widget-text-editor\" data-id=\"669f628d\" data-element_type=\"widget\" data-widget_type=\"text-editor.default\">\n\t\t\t\t<div class=\"elementor-widget-container\">\n\t\t\t\t\t\t\t\t\t\n<p>Ley de Servicios de la Sociedad de la Informaci\u00f3n y Comercio Electr\u00f3nico (34\/2002 de 11 de julio)<\/p>\n\n<p>susanaromero.com es titularidad de Susana Romero Juan.<\/p>\n\n<p>C\/Avda. Xixona, n\u00b05 03560 el Campello<br \/>elladooscurodepapanoel@gmail.com<br \/>Telf.:<br \/>C.I.F.: 44751946H<\/p>\n\n<p>\u00a0<\/p>\n<hr class=\"wp-block-separator\" \/>\n<p>\u00a0<\/p>\n<p><strong>Condiciones del servicio<\/strong><\/p>\n\n<p>Las presentes condiciones generales de tienen como objeto regular la relaci\u00f3n entre\u00a0elladooscurodepapanoel.com y el cliente, pero para cualquier consulta, puedes ponerte en contacto con nosotros en la direcci\u00f3n de e-mail elladooscurodepapanoel@gmail.com<\/p>\n\n<p>\u00a0<\/p>\n<p><strong>1) PRECIOS, FORMA DE PAGO, ENTREGA Y DESISTIMIENTO<\/strong><\/p>\n\n<p>Los precios aplicables a cada producto y\/o servicio son los indicados en la p\u00e1gina web en la fecha del pedido incluyendo todos ellos el IVA (Impuesto sobre el Valor A\u00f1adido).<\/p>\n\n<p>Las ofertas estar\u00e1n debidamente marcadas e identificadas como tal, indicando convenientemente el precio anterior y el precio de la oferta.<\/p>\n\n<p>Susana Romero.com se reserva el derecho de efectuar en la Web, en cualquier momento y sin previo aviso, las modificaciones que considere oportunas, pudiendo actualizar productos y servicios en funci\u00f3n del mercado.<\/p>\n\n<p>Los precios de env\u00edo que calcula autom\u00e1ticamente la web son para env\u00edos por PacklickPro, con lo cual el cliente los recibir\u00e1 en un plazo aproximado de 3-4 d\u00edas laborables. Este plazo es orientativo.<\/p>\n\n<p>susanaromero.com no se hace responsable de posibles retrasos por parte de Correos.<\/p>\n\n<p>Los pedidos se pueden anular sin ning\u00fan coste siempre que la anulaci\u00f3n se comunique antes de que el pedido haya sido enviado. En caso contrario deber\u00e1 esperar a recibir el pedido para ejercer el derecho de desistimiento.<\/p>\n\n<p>El derecho de desistimiento no proceder\u00e1 en los siguientes casos, as\u00ed como en el resto de excepciones previstas en el art\u00edculo 103 de la Ley 3\/2014:<\/p>\n\n<ul class=\"wp-block-list\">\n<li>En el supuesto de la prestaci\u00f3n de servicios, una vez que el servicio haya sido completamente ejecutado por susanaromero.com.<\/li>\n<li>En el suministro de bienes confeccionados conforme a las especificaciones del Cliente o claramente personalizados.<\/li>\n<\/ul>\n\n<p>Para ejercer el derecho de desistimiento, puedes notificarnos tu decisi\u00f3n de desistir del contrato a trav\u00e9s de una declaraci\u00f3n inequ\u00edvoca. Te devolveremos los pagos recibidos, incluidos los gastos de env\u00edo, sin ninguna demora indebida utilizando el mismo medio de pago.<\/p>\n\n<p>El pedido devuelto deber\u00e1 ser entregado corriendo el Cliente con los gastos de devoluci\u00f3n. El Cliente podr\u00e1 devolver cualquier art\u00edculo siempre y cuando este se conserve en perfectas condiciones y con los accesorios o regalos promocionales incluidos en su caso.<\/p>\n\n<p>Para cualquier reclamaci\u00f3n o consulta puedes ponerte en contacto con en el email elladooscurodepapanoel@gmail.com.<\/p>\n\n<p>\u00a0<\/p>\n<p><strong>2) GARANT\u00cdA LEGAL Y RESPONSABILIDADES<\/strong><\/p>\n\n<p>El consumidor tiene derecho a reclamar ante cualquier falta de conformidad que exista en el momento de la entrega.<\/p>\n\n<p>Si la falta de conformidad del producto se manifiesta durante los primeros quince d\u00edas desde que se ha recibido, se entiende que el fallo ya exist\u00eda cuando se entreg\u00f3 el producto, salvo que se demuestre lo contrario.<\/p>\n\n<p>En caso de defecto de conformidad procederemos a la reparaci\u00f3n\/sustituci\u00f3n o reducci\u00f3n del precio.<\/p>\n\n<p>Quedan garantizados todos los derechos que las leyes en vigor garanticen a los consumidores y usuarios.<\/p>\n\n<p>Para cualquier consulta, incidencia, queja o reclamaci\u00f3n tras la adquisici\u00f3n de los productos o servicios, el cliente puede dirigirse al correo electr\u00f3nico elladooscurodepapanoel@gmail.com.<\/p>\n\n<p>\u00a0<\/p>\n<p><strong>3) NIVEL DE SERVICIO<\/strong><\/p>\n\n<p>susanaromero.com realizar\u00e1 los esfuerzos necesarios para mantener el Servicio operativo. Sin embargo, problemas t\u00e9cnicos pueden provocar interrupciones espor\u00e1dicas. Ser\u00e1 responsabilidad del usuario asegurar que los sistemas e infraestructuras de los que dispone son los adecuados y necesarios para la correcta recepci\u00f3n del Servicio, as\u00ed como la configuraci\u00f3n de los mismos. susanaromero.com no ser\u00e1 responsable por las deficiencias o falta de disponibilidad del Servicio causadas por el usuario, por las deficiencias en el acceso a Internet o por cualquier otra causa fuera de nuestro control.<\/p>\n\n<p>\u00a0<\/p>\n<p><strong>4) PROPIEDAD INTELECTUAL:<\/strong><\/p>\n\n<p>Todos los contenidos de la p\u00e1gina Web, salvo que se indique lo contrario (como los concursos de relatos donde se muestran textos de los participantes), son titularidad exclusiva de susanaromero.com.<\/p>\n\n<p>La reproducci\u00f3n, distribuci\u00f3n, comercializaci\u00f3n, transformaci\u00f3n, y en general, cualquier otra forma de explotaci\u00f3n, por cualquier procedimiento, de todo o parte de los contenidos de esta p\u00e1gina Web constituye una infracci\u00f3n de los derechos de propiedad intelectual y\/o industrial de susanaromero.com o del titular de los mismos.<\/p>\n\n<p>\u00a0<\/p>\n<p><strong>5) MODIFICACI\u00d3N DE LAS CONDICIONES DE USO<\/strong><\/p>\n\n<p>susanaromero.com se reserva el derecho de desarrollar o actualizar en cualquier momento las condiciones de uso de la presente p\u00e1gina web.<\/p>\n\t\t\t\t\t\t\t\t<\/div>\n\t\t\t\t<\/div>\n\t\t\t\t\t<\/div>\n\t\t\t\t<\/div>\n\t\t\t\t<\/div>\n\t\t","protected":false},"excerpt":{"rendered":"<p>Ley de Servicios de la Sociedad de la Informaci\u00f3n y Comercio Electr\u00f3nico (34\/2002 de 11 de julio) susanaromero.com es titularidad de Susana Romero Juan. C\/Avda. Xixona, n\u00b05 03560 el Campelloelladooscurodepapanoel@gmail.comTelf.:C.I.F.: 44751946H \u00a0 Condiciones del servicio Las presentes condiciones generales de tienen como objeto regular la relaci\u00f3n entre\u00a0elladooscurodepapanoel.com y el cliente, pero para cualquier consulta, puedes [&hellip;]<\/p>\n","protected":false},"author":1,"featured_media":0,"parent":0,"menu_order":0,"comment_status":"closed","ping_status":"closed","template":"","meta":{"footnotes":""},"class_list":["post-33","page","type-page","status-publish","hentry"],"_links":{"self":[{"href":"https:\/\/susanaromero.com\/index.php?rest_route=\/wp\/v2\/pages\/33","targetHints":{"allow":["GET"]}}],"collection":[{"href":"https:\/\/susanaromero.com\/index.php?rest_route=\/wp\/v2\/pages"}],"about":[{"href":"https:\/\/susanaromero.com\/index.php?rest_route=\/wp\/v2\/types\/page"}],"author":[{"embeddable":true,"href":"https:\/\/susanaromero.com\/index.php?rest_route=\/wp\/v2\/users\/1"}],"replies":[{"embeddable":true,"href":"https:\/\/susanaromero.com\/index.php?rest_route=%2Fwp%2Fv2%2Fcomments&post=33"}],"version-history":[{"count":5,"href":"https:\/\/susanaromero.com\/index.php?rest_route=\/wp\/v2\/pages\/33\/revisions"}],"predecessor-version":[{"id":492,"href":"https:\/\/susanaromero.com\/index.php?rest_route=\/wp\/v2\/pages\/33\/revisions\/492"}],"wp:attachment":[{"href":"https:\/\/susanaromero.com\/index.php?rest_route=%2Fwp%2Fv2%2Fmedia&parent=33"}],"curies":[{"name":"wp","href":"https:\/\/api.w.org\/{rel}","templated":true}]}}