{"id":181,"date":"2022-06-16T09:58:46","date_gmt":"2022-06-16T09:58:46","guid":{"rendered":"http:\/\/susanaromero.com\/?page_id=181"},"modified":"2024-09-04T10:56:08","modified_gmt":"2024-09-04T10:56:08","slug":"sobre-el-proyecto","status":"publish","type":"page","link":"https:\/\/susanaromero.com\/?page_id=181","title":{"rendered":"El lado Oscuro de Pap\u00e1 Noel"},"content":{"rendered":"\t\t<div data-elementor-type=\"wp-page\" data-elementor-id=\"181\" class=\"elementor elementor-181\" data-elementor-post-type=\"page\">\n\t\t\t\t\t\t<section class=\"elementor-section elementor-top-section elementor-element elementor-element-205bdf0b elementor-reverse-mobile elementor-section-boxed elementor-section-height-default elementor-section-height-default\" data-id=\"205bdf0b\" data-element_type=\"section\" data-settings=\"{&quot;background_background&quot;:&quot;classic&quot;}\">\n\t\t\t\t\t\t<div class=\"elementor-container elementor-column-gap-default\">\n\t\t\t\t\t<div class=\"elementor-column elementor-col-100 elementor-top-column elementor-element elementor-element-2d74132d\" data-id=\"2d74132d\" data-element_type=\"column\">\n\t\t\t<div class=\"elementor-widget-wrap elementor-element-populated\">\n\t\t\t\t\t\t<div class=\"elementor-element elementor-element-44041d5d elementor-widget elementor-widget-heading\" data-id=\"44041d5d\" data-element_type=\"widget\" data-widget_type=\"heading.default\">\n\t\t\t\t<div class=\"elementor-widget-container\">\n\t\t\t\t\t<h3 class=\"elementor-heading-title elementor-size-default\">Un peque\u00f1o<\/h3>\t\t\t\t<\/div>\n\t\t\t\t<\/div>\n\t\t\t\t<div class=\"elementor-element elementor-element-ce01149 elementor-widget elementor-widget-heading\" data-id=\"ce01149\" data-element_type=\"widget\" data-widget_type=\"heading.default\">\n\t\t\t\t<div class=\"elementor-widget-container\">\n\t\t\t\t\t<h2 class=\"elementor-heading-title elementor-size-default\">Resumen<\/h2>\t\t\t\t<\/div>\n\t\t\t\t<\/div>\n\t\t\t\t<div class=\"elementor-element elementor-element-3da01c41 elementor-widget elementor-widget-image\" data-id=\"3da01c41\" data-element_type=\"widget\" data-widget_type=\"image.default\">\n\t\t\t\t<div class=\"elementor-widget-container\">\n\t\t\t\t\t\t\t\t\t\t\t\t\t\t\t<img decoding=\"async\" width=\"315\" height=\"26\" src=\"https:\/\/susanaromero.com\/wp-content\/uploads\/2024\/08\/underline-dot.png\" class=\"attachment-large size-large wp-image-307\" alt=\"\" srcset=\"https:\/\/susanaromero.com\/wp-content\/uploads\/2024\/08\/underline-dot.png 315w, https:\/\/susanaromero.com\/wp-content\/uploads\/2024\/08\/underline-dot-300x26.png 300w\" sizes=\"(max-width: 315px) 100vw, 315px\" \/>\t\t\t\t\t\t\t\t\t\t\t\t\t\t\t<\/div>\n\t\t\t\t<\/div>\n\t\t\t\t<div class=\"elementor-element elementor-element-53bf2adb elementor-widget elementor-widget-text-editor\" data-id=\"53bf2adb\" data-element_type=\"widget\" data-widget_type=\"text-editor.default\">\n\t\t\t\t<div class=\"elementor-widget-container\">\n\t\t\t\t\t\t\t\t\t<p><strong>El Lado Oscuro de Pap\u00e1 Noel<\/strong> nos transporta a la v\u00edspera de Navidad, donde todo parece estar listo hasta que Pap\u00e1 No\u00e9s, el gemelo envidioso de Pap\u00e1 Noel, aparece con un plan malintencionado. Decide suplantar a su hermano y repartir los regalos de forma contraria, premiando a los infantes malos y dejando a los buenos sin nada.<\/p><p>Un grupo de infantes observadores y valientes descubre que algo no est\u00e1 bien. Con astucia, logran liberar a Pap\u00e1 Noel y exponer a Pap\u00e1 No\u00e9s. A pesar del enga\u00f1o, Pap\u00e1 Noel muestra su gran coraz\u00f3n al perdonar a su hermano, ense\u00f1ando que todos tenemos aspectos buenos y malos, y que la reconciliaci\u00f3n es posible.<\/p><p>Este cuento, que naci\u00f3 como una obra de teatro, se convirti\u00f3 en un relato ilustrado que mezcla aventura y lecciones de vida. Destaca valores como el perd\u00f3n, la empat\u00eda, y la importancia de aceptar los opuestos que todos llevamos dentro, ofreciendo una perspectiva emocional y educativa sobre la Navidad.<\/p>\t\t\t\t\t\t\t\t<\/div>\n\t\t\t\t<\/div>\n\t\t\t\t\t<\/div>\n\t\t<\/div>\n\t\t\t\t\t<\/div>\n\t\t<\/section>\n\t\t\t\t<section class=\"elementor-section elementor-top-section elementor-element elementor-element-5dd48b elementor-section-boxed elementor-section-height-default elementor-section-height-default\" data-id=\"5dd48b\" data-element_type=\"section\" data-settings=\"{&quot;background_background&quot;:&quot;classic&quot;}\">\n\t\t\t\t\t\t\t<div class=\"elementor-background-overlay\"><\/div>\n\t\t\t\t\t\t\t<div class=\"elementor-container elementor-column-gap-default\">\n\t\t\t\t\t<div class=\"elementor-column elementor-col-100 elementor-top-column elementor-element elementor-element-7db71e9c\" data-id=\"7db71e9c\" data-element_type=\"column\">\n\t\t\t<div class=\"elementor-widget-wrap elementor-element-populated\">\n\t\t\t\t\t\t<div class=\"elementor-element elementor-element-96fd499 elementor-widget elementor-widget-heading\" data-id=\"96fd499\" data-element_type=\"widget\" data-widget_type=\"heading.default\">\n\t\t\t\t<div class=\"elementor-widget-container\">\n\t\t\t\t\t<h3 class=\"elementor-heading-title elementor-size-default\">Valores que se<\/h3>\t\t\t\t<\/div>\n\t\t\t\t<\/div>\n\t\t\t\t<div class=\"elementor-element elementor-element-1de5ffe1 elementor-widget elementor-widget-heading\" data-id=\"1de5ffe1\" data-element_type=\"widget\" data-widget_type=\"heading.default\">\n\t\t\t\t<div class=\"elementor-widget-container\">\n\t\t\t\t\t<h2 class=\"elementor-heading-title elementor-size-default\">transmiten en \u00e9ste libro<\/h2>\t\t\t\t<\/div>\n\t\t\t\t<\/div>\n\t\t\t\t<div class=\"elementor-element elementor-element-7063f562 elementor-widget elementor-widget-image\" data-id=\"7063f562\" data-element_type=\"widget\" data-widget_type=\"image.default\">\n\t\t\t\t<div class=\"elementor-widget-container\">\n\t\t\t\t\t\t\t\t\t\t\t\t\t\t\t<img decoding=\"async\" width=\"315\" height=\"26\" src=\"https:\/\/susanaromero.com\/wp-content\/uploads\/2024\/08\/underline-dot.png\" class=\"attachment-large size-large wp-image-307\" alt=\"\" srcset=\"https:\/\/susanaromero.com\/wp-content\/uploads\/2024\/08\/underline-dot.png 315w, https:\/\/susanaromero.com\/wp-content\/uploads\/2024\/08\/underline-dot-300x26.png 300w\" sizes=\"(max-width: 315px) 100vw, 315px\" \/>\t\t\t\t\t\t\t\t\t\t\t\t\t\t\t<\/div>\n\t\t\t\t<\/div>\n\t\t\t\t<section class=\"elementor-section elementor-inner-section elementor-element elementor-element-277803ab elementor-section-boxed elementor-section-height-default elementor-section-height-default\" data-id=\"277803ab\" data-element_type=\"section\">\n\t\t\t\t\t\t<div class=\"elementor-container elementor-column-gap-default\">\n\t\t\t\t\t<div class=\"elementor-column elementor-col-33 elementor-inner-column elementor-element elementor-element-757f208b\" data-id=\"757f208b\" data-element_type=\"column\" data-settings=\"{&quot;background_background&quot;:&quot;classic&quot;}\">\n\t\t\t<div class=\"elementor-widget-wrap elementor-element-populated\">\n\t\t\t\t\t\t<div class=\"elementor-element elementor-element-5b1a1e8c elementor-widget elementor-widget-text-editor\" data-id=\"5b1a1e8c\" data-element_type=\"widget\" data-widget_type=\"text-editor.default\">\n\t\t\t\t<div class=\"elementor-widget-container\">\n\t\t\t\t\t\t\t\t\t<h6>Empat\u00eda<\/h6>\n<p>Ponerse en el lugar del otro nos ayuda a entender sus comportamientos y a fortalecer nuestras relaciones.<\/p>\t\t\t\t\t\t\t\t<\/div>\n\t\t\t\t<\/div>\n\t\t\t\t\t<\/div>\n\t\t<\/div>\n\t\t\t\t<div class=\"elementor-column elementor-col-33 elementor-inner-column elementor-element elementor-element-74b19f56\" data-id=\"74b19f56\" data-element_type=\"column\" data-settings=\"{&quot;background_background&quot;:&quot;classic&quot;}\">\n\t\t\t<div class=\"elementor-widget-wrap elementor-element-populated\">\n\t\t\t\t\t\t<div class=\"elementor-element elementor-element-24718346 elementor-widget elementor-widget-text-editor\" data-id=\"24718346\" data-element_type=\"widget\" data-widget_type=\"text-editor.default\">\n\t\t\t\t<div class=\"elementor-widget-container\">\n\t\t\t\t\t\t\t\t\t<h6>Perd\u00f3n<\/h6>\n<p>Reconocer errores, perdonar y dar segundas oportunidades son esenciales para la convivencia y el desarrollo humano.<\/p>\t\t\t\t\t\t\t\t<\/div>\n\t\t\t\t<\/div>\n\t\t\t\t\t<\/div>\n\t\t<\/div>\n\t\t\t\t<div class=\"elementor-column elementor-col-33 elementor-inner-column elementor-element elementor-element-2b6d0a2e\" data-id=\"2b6d0a2e\" data-element_type=\"column\" data-settings=\"{&quot;background_background&quot;:&quot;classic&quot;}\">\n\t\t\t<div class=\"elementor-widget-wrap elementor-element-populated\">\n\t\t\t\t\t\t<div class=\"elementor-element elementor-element-890fd87 elementor-widget elementor-widget-text-editor\" data-id=\"890fd87\" data-element_type=\"widget\" data-widget_type=\"text-editor.default\">\n\t\t\t\t<div class=\"elementor-widget-container\">\n\t\t\t\t\t\t\t\t\t<h6>Comunicaci\u00f3n Asertiva<\/h6>\n<p>Hablar desde el coraz\u00f3n y escuchar activamente son claves para resolver conflictos y convivir en armon\u00eda.<\/p>\t\t\t\t\t\t\t\t<\/div>\n\t\t\t\t<\/div>\n\t\t\t\t\t<\/div>\n\t\t<\/div>\n\t\t\t\t\t<\/div>\n\t\t<\/section>\n\t\t\t\t<section class=\"elementor-section elementor-inner-section elementor-element elementor-element-3f438687 elementor-section-boxed elementor-section-height-default elementor-section-height-default\" data-id=\"3f438687\" data-element_type=\"section\">\n\t\t\t\t\t\t<div class=\"elementor-container elementor-column-gap-default\">\n\t\t\t\t\t<div class=\"elementor-column elementor-col-50 elementor-inner-column elementor-element elementor-element-42c9975a\" data-id=\"42c9975a\" data-element_type=\"column\" data-settings=\"{&quot;background_background&quot;:&quot;classic&quot;}\">\n\t\t\t<div class=\"elementor-widget-wrap elementor-element-populated\">\n\t\t\t\t\t\t<div class=\"elementor-element elementor-element-3d0b6ed3 elementor-widget elementor-widget-text-editor\" data-id=\"3d0b6ed3\" data-element_type=\"widget\" data-widget_type=\"text-editor.default\">\n\t\t\t\t<div class=\"elementor-widget-container\">\n\t\t\t\t\t\t\t\t\t<h6>Valent\u00eda<\/h6>\n<p>Enfrentar problemas con coraje y determinaci\u00f3n es crucial para superar obst\u00e1culos y crecer como individuos.<\/p>\t\t\t\t\t\t\t\t<\/div>\n\t\t\t\t<\/div>\n\t\t\t\t\t<\/div>\n\t\t<\/div>\n\t\t\t\t<div class=\"elementor-column elementor-col-50 elementor-inner-column elementor-element elementor-element-6c32cfd\" data-id=\"6c32cfd\" data-element_type=\"column\" data-settings=\"{&quot;background_background&quot;:&quot;classic&quot;}\">\n\t\t\t<div class=\"elementor-widget-wrap elementor-element-populated\">\n\t\t\t\t\t\t<div class=\"elementor-element elementor-element-18d7e473 elementor-widget elementor-widget-text-editor\" data-id=\"18d7e473\" data-element_type=\"widget\" data-widget_type=\"text-editor.default\">\n\t\t\t\t<div class=\"elementor-widget-container\">\n\t\t\t\t\t\t\t\t\t<h6>Cooperaci\u00f3n<\/h6>\n<p>Trabajar en equipo y aprovechar los talentos de todos es fundamental para resolver problemas y lograr objetivos comunes.<\/p>\t\t\t\t\t\t\t\t<\/div>\n\t\t\t\t<\/div>\n\t\t\t\t\t<\/div>\n\t\t<\/div>\n\t\t\t\t\t<\/div>\n\t\t<\/section>\n\t\t\t\t\t<\/div>\n\t\t<\/div>\n\t\t\t\t\t<\/div>\n\t\t<\/section>\n\t\t<div class=\"elementor-element elementor-element-3ea5cd7 e-flex e-con-boxed e-con e-parent\" data-id=\"3ea5cd7\" data-element_type=\"container\">\n\t\t\t\t\t<div class=\"e-con-inner\">\n\t\t<div class=\"elementor-element elementor-element-c069462 e-con-full e-flex e-con e-child\" data-id=\"c069462\" data-element_type=\"container\">\n\t\t\t\t<div class=\"elementor-element elementor-element-b41828c elementor-widget elementor-widget-image\" data-id=\"b41828c\" data-element_type=\"widget\" data-widget_type=\"image.default\">\n\t\t\t\t<div class=\"elementor-widget-container\">\n\t\t\t\t\t\t\t\t\t\t\t\t\t\t\t<img fetchpriority=\"high\" decoding=\"async\" width=\"800\" height=\"800\" src=\"https:\/\/susanaromero.com\/wp-content\/uploads\/2024\/08\/Diseno-sin-titulo-4.png\" class=\"attachment-large size-large wp-image-644\" alt=\"\" srcset=\"https:\/\/susanaromero.com\/wp-content\/uploads\/2024\/08\/Diseno-sin-titulo-4.png 1000w, https:\/\/susanaromero.com\/wp-content\/uploads\/2024\/08\/Diseno-sin-titulo-4-300x300.png 300w, https:\/\/susanaromero.com\/wp-content\/uploads\/2024\/08\/Diseno-sin-titulo-4-150x150.png 150w, https:\/\/susanaromero.com\/wp-content\/uploads\/2024\/08\/Diseno-sin-titulo-4-768x768.png 768w, https:\/\/susanaromero.com\/wp-content\/uploads\/2024\/08\/Diseno-sin-titulo-4-600x600.png 600w, https:\/\/susanaromero.com\/wp-content\/uploads\/2024\/08\/Diseno-sin-titulo-4-100x100.png 100w\" sizes=\"(max-width: 800px) 100vw, 800px\" \/>\t\t\t\t\t\t\t\t\t\t\t\t\t\t\t<\/div>\n\t\t\t\t<\/div>\n\t\t\t\t<\/div>\n\t\t<div class=\"elementor-element elementor-element-e8a2ec2 e-con-full e-flex e-con e-child\" data-id=\"e8a2ec2\" data-element_type=\"container\">\n\t\t\t\t<div class=\"elementor-element elementor-element-0122df2 elementor-widget elementor-widget-heading\" data-id=\"0122df2\" data-element_type=\"widget\" data-widget_type=\"heading.default\">\n\t\t\t\t<div class=\"elementor-widget-container\">\n\t\t\t\t\t<h5 class=\"elementor-heading-title elementor-size-default\">Compra con Coraz\u00f3n: Apoya la Risa y la Alegr\u00eda<\/h5>\t\t\t\t<\/div>\n\t\t\t\t<\/div>\n\t\t\t\t<div class=\"elementor-element elementor-element-d184370 elementor-widget elementor-widget-text-editor\" data-id=\"d184370\" data-element_type=\"widget\" data-widget_type=\"text-editor.default\">\n\t\t\t\t<div class=\"elementor-widget-container\">\n\t\t\t\t\t\t\t\t\t<p>Al comprar &#8220;El Lado Oscuro de Pap\u00e1 Noel&#8221;, no solo regalas una historia m\u00e1gica a los peques, sino que tambi\u00e9n ayudas a llevar sonrisas a los infantes hospitalizados. Por cada libro vendido, donamos 1\u20ac a Payasos Hospital. \u00a1\u00danete a nosotros y haz que cada compra cuente!<\/p>\t\t\t\t\t\t\t\t<\/div>\n\t\t\t\t<\/div>\n\t\t\t\t<\/div>\n\t\t<div class=\"elementor-element elementor-element-826c6b5 e-con-full e-flex e-con e-child\" data-id=\"826c6b5\" data-element_type=\"container\">\n\t\t\t\t<div class=\"elementor-element elementor-element-27b595d elementor-align-center elementor-widget elementor-widget-button\" data-id=\"27b595d\" data-element_type=\"widget\" data-widget_type=\"button.default\">\n\t\t\t\t<div class=\"elementor-widget-container\">\n\t\t\t\t\t\t\t\t\t<div class=\"elementor-button-wrapper\">\n\t\t\t\t\t<a class=\"elementor-button elementor-button-link elementor-size-xs\" href=\"https:\/\/susanaromero.com\/?product=aaa-libro-ilustrado-el-lado-oscuro-de-papa-noel\">\n\t\t\t\t\t\t<span class=\"elementor-button-content-wrapper\">\n\t\t\t\t\t\t\t\t\t<span class=\"elementor-button-text\">Comprar Ahora<\/span>\n\t\t\t\t\t<\/span>\n\t\t\t\t\t<\/a>\n\t\t\t\t<\/div>\n\t\t\t\t\t\t\t\t<\/div>\n\t\t\t\t<\/div>\n\t\t\t\t<\/div>\n\t\t\t\t\t<\/div>\n\t\t\t\t<\/div>\n\t\t\t\t<\/div>\n\t\t","protected":false},"excerpt":{"rendered":"<p>Un peque\u00f1o Resumen El Lado Oscuro de Pap\u00e1 Noel nos transporta a la v\u00edspera de Navidad, donde todo parece estar listo hasta que Pap\u00e1 No\u00e9s, el gemelo envidioso de Pap\u00e1 Noel, aparece con un plan malintencionado. Decide suplantar a su hermano y repartir los regalos de forma contraria, premiando a los infantes malos y dejando [&hellip;]<\/p>\n","protected":false},"author":1,"featured_media":0,"parent":0,"menu_order":0,"comment_status":"closed","ping_status":"closed","template":"","meta":{"footnotes":""},"class_list":["post-181","page","type-page","status-publish","hentry"],"_links":{"self":[{"href":"https:\/\/susanaromero.com\/index.php?rest_route=\/wp\/v2\/pages\/181","targetHints":{"allow":["GET"]}}],"collection":[{"href":"https:\/\/susanaromero.com\/index.php?rest_route=\/wp\/v2\/pages"}],"about":[{"href":"https:\/\/susanaromero.com\/index.php?rest_route=\/wp\/v2\/types\/page"}],"author":[{"embeddable":true,"href":"https:\/\/susanaromero.com\/index.php?rest_route=\/wp\/v2\/users\/1"}],"replies":[{"embeddable":true,"href":"https:\/\/susanaromero.com\/index.php?rest_route=%2Fwp%2Fv2%2Fcomments&post=181"}],"version-history":[{"count":34,"href":"https:\/\/susanaromero.com\/index.php?rest_route=\/wp\/v2\/pages\/181\/revisions"}],"predecessor-version":[{"id":875,"href":"https:\/\/susanaromero.com\/index.php?rest_route=\/wp\/v2\/pages\/181\/revisions\/875"}],"wp:attachment":[{"href":"https:\/\/susanaromero.com\/index.php?rest_route=%2Fwp%2Fv2%2Fmedia&parent=181"}],"curies":[{"name":"wp","href":"https:\/\/api.w.org\/{rel}","templated":true}]}}